{"id":4224,"date":"2018-04-05T14:40:00","date_gmt":"2018-04-05T11:40:00","guid":{"rendered":"https:\/\/baltilogistika.com\/bonus-program\/"},"modified":"2023-07-20T13:57:59","modified_gmt":"2023-07-20T10:57:59","slug":"bonusu-programma","status":"publish","type":"page","link":"https:\/\/www.baltilogistika.com\/lv\/bonusu-programma\/","title":{"rendered":"Bonusu programma"},"content":{"rendered":"<h2>M\u0113s ar prieku ievie\u0161am m\u016bsu jauno bonusa punktu sist\u0113mu \u201eMillion Miles\u201d<\/h2>\n<p data-pm-slice=\"1 1 []\">Jums nekas \u012bpa\u0161s nav j\u0101dara, vienk\u0101r\u0161i pas\u016btiet m\u016bsu pakalpojumus un kr\u0101jiet \u201emiles\u201d punktus. M\u0113s j\u016bs inform\u0113sim par uzkr\u0101tajiem punktiem un ieg\u016btaj\u0101m balv\u0101m.<br \/>\nLaipni l\u016bdzam pievienoties \u0161aj\u0101 ce\u013cojum\u0101!<\/p>\n<p>Vienm\u0113r j\u016bsu<br \/>\n<strong>Balti Logistika<\/strong><\/p>\n","protected":false},"excerpt":{"rendered":"M\u0113s ar prieku ievie\u0161am m\u016bsu jauno bonusa punktu sist\u0113mu \u201eMillion Miles\u201d Jums nekas \u012bpa\u0161s nav j\u0101dara, vienk\u0101r\u0161i pas\u016btiet m\u016bsu pakalpojumus un kr\u0101jiet \u201emiles\u201d punktus. M\u0113s j\u016bs inform\u0113sim par uzkr\u0101tajiem punktiem un ieg\u016btaj\u0101m balv\u0101m. Laipni l\u016bdzam pievienoties \u0161aj\u0101 ce\u013cojum\u0101! Vienm\u0113r j\u016bsu Balti Logistika","protected":false},"author":1,"featured_media":0,"parent":0,"menu_order":0,"comment_status":"closed","ping_status":"closed","template":"template_parts\/page-bonus.php","meta":{"_exactmetrics_skip_tracking":false,"_exactmetrics_sitenote_active":false,"_exactmetrics_sitenote_note":"","_exactmetrics_sitenote_category":0,"footnotes":""},"class_list":["post-4224","page","type-page","status-publish","hentry"],"_links":{"self":[{"href":"https:\/\/www.baltilogistika.com\/lv\/wp-json\/wp\/v2\/pages\/4224"}],"collection":[{"href":"https:\/\/www.baltilogistika.com\/lv\/wp-json\/wp\/v2\/pages"}],"about":[{"href":"https:\/\/www.baltilogistika.com\/lv\/wp-json\/wp\/v2\/types\/page"}],"author":[{"embeddable":true,"href":"https:\/\/www.baltilogistika.com\/lv\/wp-json\/wp\/v2\/users\/1"}],"replies":[{"embeddable":true,"href":"https:\/\/www.baltilogistika.com\/lv\/wp-json\/wp\/v2\/comments?post=4224"}],"version-history":[{"count":1,"href":"https:\/\/www.baltilogistika.com\/lv\/wp-json\/wp\/v2\/pages\/4224\/revisions"}],"predecessor-version":[{"id":4225,"href":"https:\/\/www.baltilogistika.com\/lv\/wp-json\/wp\/v2\/pages\/4224\/revisions\/4225"}],"wp:attachment":[{"href":"https:\/\/www.baltilogistika.com\/lv\/wp-json\/wp\/v2\/media?parent=4224"}],"curies":[{"name":"wp","href":"https:\/\/api.w.org\/{rel}","templated":true}]}}