{"id":4140,"date":"2018-04-16T14:36:48","date_gmt":"2018-04-16T11:36:48","guid":{"rendered":"https:\/\/baltilogistika.com\/pakalpojumi\/road-freight\/"},"modified":"2025-01-09T13:29:02","modified_gmt":"2025-01-09T11:29:02","slug":"sauszemes-kravu-parvadajumi","status":"publish","type":"page","link":"https:\/\/www.baltilogistika.com\/lv\/pakalpojumi\/sauszemes-kravu-parvadajumi\/","title":{"rendered":"Sauszemes kravu p\u0101rvad\u0101jumi"},"content":{"rendered":"<p>Kravu p\u0101rvad\u0101jumi pa sauszemi ir izdev\u012bg\u0101kais p\u0101rvad\u0101\u0161anas veids gad\u012bjumos, kad pieg\u0101des vieta atrodas Eirop\u0101<\/p>\n<p><b>Balti Logistika pied\u0101v\u0101:<\/b><\/p>\n<ul>\n<li>Pieg\u0101des no durv\u012bm l\u012bdz durv\u012bm vis\u0101 Eirop\u0101<\/li>\n<li>Pilnu kravu (FTL) un nepilnu kravu (LTL) pieg\u0101des pakalpojumi<\/li>\n<\/ul>\n<p><b>Noder\u012bgi zin\u0101t par sauszemes p\u0101rvad\u0101jumiem:<\/b><\/p>\n<ul>\n<li>Kravu svara un apjoma attiec\u012bba sauszemes satiksm\u0113 ir 1\u00a0m3 = 333,33\u00a0kg<\/li>\n<li>Sauszemes satiksm\u0113 p\u0101rvad\u0101t\u0101ja atbild\u012bba ir 8,33\u00a0SDR par kravas bruto kilogramu.<\/li>\n<li>Standarta tenta piekabes iek\u0161\u0113ji izm\u0113ri \u2013 garums 13,60\u00a0m, platums 2,45\u00a0m un augstums 2,70\u00a0m.<\/li>\n<li>Piekab\u0113 parasti var iekraut l\u012bdz 33 EUR palet\u0113m vai 26 FIN palet\u0113m.<\/li>\n<\/ul>\n<p>&nbsp;<\/p>\n<p>Lai sa\u0146emtu vair\u0101k inform\u0101cijas, l\u016bdzu, sazinieties ar mums <a title=\"tel:+371 6700 9120\" target=\"_blank\" rel=\"noreferrer noopener\">+371 6700 9120<\/a> vai nos\u016btiet piepras\u012bjumu <a href=\"mailto:Pricing@baltilogistika.com\"><strong>Pricing@baltilogistika.com<\/strong><\/a><\/p>\n","protected":false},"excerpt":{"rendered":"Kravu p\u0101rvad\u0101jumi pa sauszemi ir izdev\u012bg\u0101kais p\u0101rvad\u0101\u0161anas veids gad\u012bjumos, kad pieg\u0101des vieta atrodas Eirop\u0101 Balti Logistika pied\u0101v\u0101: Pieg\u0101des no durv\u012bm l\u012bdz durv\u012bm vis\u0101 Eirop\u0101 Pilnu kravu (FTL) un nepilnu kravu (LTL) pieg\u0101des pakalpojumi Noder\u012bgi zin\u0101t par sauszemes p\u0101rvad\u0101jumiem: Kravu svara un apjoma attiec\u012bba sauszemes satiksm\u0113 ir 1\u00a0m3 = 333,33\u00a0kg Sauszemes satiksm\u0113 p\u0101rvad\u0101t\u0101ja atbild\u012bba ir 8,33\u00a0SDR&#8230; <a class=\"view-article\" href=\"https:\/\/www.baltilogistika.com\/lv\/pakalpojumi\/sauszemes-kravu-parvadajumi\/\">View Article<\/a>","protected":false},"author":1,"featured_media":0,"parent":4127,"menu_order":3,"comment_status":"closed","ping_status":"closed","template":"","meta":{"_exactmetrics_skip_tracking":false,"_exactmetrics_sitenote_active":false,"_exactmetrics_sitenote_note":"","_exactmetrics_sitenote_category":0,"footnotes":""},"class_list":["post-4140","page","type-page","status-publish","hentry"],"_links":{"self":[{"href":"https:\/\/www.baltilogistika.com\/lv\/wp-json\/wp\/v2\/pages\/4140"}],"collection":[{"href":"https:\/\/www.baltilogistika.com\/lv\/wp-json\/wp\/v2\/pages"}],"about":[{"href":"https:\/\/www.baltilogistika.com\/lv\/wp-json\/wp\/v2\/types\/page"}],"author":[{"embeddable":true,"href":"https:\/\/www.baltilogistika.com\/lv\/wp-json\/wp\/v2\/users\/1"}],"replies":[{"embeddable":true,"href":"https:\/\/www.baltilogistika.com\/lv\/wp-json\/wp\/v2\/comments?post=4140"}],"version-history":[{"count":3,"href":"https:\/\/www.baltilogistika.com\/lv\/wp-json\/wp\/v2\/pages\/4140\/revisions"}],"predecessor-version":[{"id":4838,"href":"https:\/\/www.baltilogistika.com\/lv\/wp-json\/wp\/v2\/pages\/4140\/revisions\/4838"}],"up":[{"embeddable":true,"href":"https:\/\/www.baltilogistika.com\/lv\/wp-json\/wp\/v2\/pages\/4127"}],"wp:attachment":[{"href":"https:\/\/www.baltilogistika.com\/lv\/wp-json\/wp\/v2\/media?parent=4140"}],"curies":[{"name":"wp","href":"https:\/\/api.w.org\/{rel}","templated":true}]}}