{"id":4137,"date":"2018-04-16T14:34:37","date_gmt":"2018-04-16T11:34:37","guid":{"rendered":"https:\/\/baltilogistika.com\/pakalpojumi\/rail-transport\/"},"modified":"2025-01-09T13:28:33","modified_gmt":"2025-01-09T11:28:33","slug":"dzelzcela-transports","status":"publish","type":"page","link":"https:\/\/www.baltilogistika.com\/lv\/pakalpojumi\/dzelzcela-transports\/","title":{"rendered":"Dzelzce\u013ca transports"},"content":{"rendered":"<p>V\u0113sturiski dzelzce\u013ca transports ir bijis \u013coti noz\u012bm\u012bga pieg\u0101des \u0137\u0113\u017eu sast\u0101vda\u013ca p\u0101rvad\u0101jumos starp Baltijas valst\u012bm un \u0100ziju.<\/p>\n<p><b>Balti Logistika pied\u0101v\u0101:<\/b><\/p>\n<ul>\n<li>Dzelzce\u013ca kravu p\u0101rvad\u0101jumu pakalpojumus no vis\u0101m svar\u012bg\u0101kaj\u0101m Baltijas valstu ost\u0101m: Tallinas, R\u012bgas un Klaip\u0113das<\/li>\n<li>20\u2032 DC un 40\u2032 DC konteineru p\u0101rvad\u0101jumus uz \/no \u0100zijas<\/li>\n<li>P\u0113c atsevi\u0161\u0137as vieno\u0161an\u0101s iesp\u0113jama ar\u012b kravu pieg\u0101de no durv\u012bm l\u012bdz durv\u012bm<\/li>\n<\/ul>\n<p>&nbsp;<\/p>\n<p>Lai sa\u0146emtu vair\u0101k inform\u0101cijas, l\u016bdzu, sazinieties ar mums <a title=\"tel:+371 6700 9120\" target=\"_blank\" rel=\"noreferrer noopener\">+371 6700 9120<\/a> vai nos\u016btiet piepras\u012bjumu <a href=\"mailto:Pricing@baltilogistika.com\"><strong>Pricing@baltilogistika.com<\/strong><\/a><\/p>\n","protected":false},"excerpt":{"rendered":"V\u0113sturiski dzelzce\u013ca transports ir bijis \u013coti noz\u012bm\u012bga pieg\u0101des \u0137\u0113\u017eu sast\u0101vda\u013ca p\u0101rvad\u0101jumos starp Baltijas valst\u012bm un \u0100ziju. Balti Logistika pied\u0101v\u0101: Dzelzce\u013ca kravu p\u0101rvad\u0101jumu pakalpojumus no vis\u0101m svar\u012bg\u0101kaj\u0101m Baltijas valstu ost\u0101m: Tallinas, R\u012bgas un Klaip\u0113das 20\u2032 DC un 40\u2032 DC konteineru p\u0101rvad\u0101jumus uz \/no \u0100zijas P\u0113c atsevi\u0161\u0137as vieno\u0161an\u0101s iesp\u0113jama ar\u012b kravu pieg\u0101de no durv\u012bm l\u012bdz durv\u012bm &nbsp;&#8230; <a class=\"view-article\" href=\"https:\/\/www.baltilogistika.com\/lv\/pakalpojumi\/dzelzcela-transports\/\">View Article<\/a>","protected":false},"author":1,"featured_media":0,"parent":4127,"menu_order":2,"comment_status":"closed","ping_status":"closed","template":"","meta":{"_exactmetrics_skip_tracking":false,"_exactmetrics_sitenote_active":false,"_exactmetrics_sitenote_note":"","_exactmetrics_sitenote_category":0,"footnotes":""},"class_list":["post-4137","page","type-page","status-publish","hentry"],"_links":{"self":[{"href":"https:\/\/www.baltilogistika.com\/lv\/wp-json\/wp\/v2\/pages\/4137"}],"collection":[{"href":"https:\/\/www.baltilogistika.com\/lv\/wp-json\/wp\/v2\/pages"}],"about":[{"href":"https:\/\/www.baltilogistika.com\/lv\/wp-json\/wp\/v2\/types\/page"}],"author":[{"embeddable":true,"href":"https:\/\/www.baltilogistika.com\/lv\/wp-json\/wp\/v2\/users\/1"}],"replies":[{"embeddable":true,"href":"https:\/\/www.baltilogistika.com\/lv\/wp-json\/wp\/v2\/comments?post=4137"}],"version-history":[{"count":4,"href":"https:\/\/www.baltilogistika.com\/lv\/wp-json\/wp\/v2\/pages\/4137\/revisions"}],"predecessor-version":[{"id":4835,"href":"https:\/\/www.baltilogistika.com\/lv\/wp-json\/wp\/v2\/pages\/4137\/revisions\/4835"}],"up":[{"embeddable":true,"href":"https:\/\/www.baltilogistika.com\/lv\/wp-json\/wp\/v2\/pages\/4127"}],"wp:attachment":[{"href":"https:\/\/www.baltilogistika.com\/lv\/wp-json\/wp\/v2\/media?parent=4137"}],"curies":[{"name":"wp","href":"https:\/\/api.w.org\/{rel}","templated":true}]}}