{"id":4134,"date":"2018-04-16T14:34:58","date_gmt":"2018-04-16T11:34:58","guid":{"rendered":"https:\/\/baltilogistika.com\/pakalpojumi\/ocean-freight\/"},"modified":"2025-01-09T13:26:58","modified_gmt":"2025-01-09T11:26:58","slug":"juras-parvadajumi","status":"publish","type":"page","link":"https:\/\/www.baltilogistika.com\/lv\/pakalpojumi\/juras-parvadajumi\/","title":{"rendered":"J\u016bras p\u0101rvad\u0101jumi"},"content":{"rendered":"<p>J\u016bras p\u0101rvad\u0101jumi ir lab\u0101kais transport\u0113\u0161anas veids liela apjoma krav\u0101m, kur\u0101m nav nepiecie\u0161ams \u012bss tranz\u012bta laiks.<\/p>\n<p><b>Balti Logistika pied\u0101v\u0101:<\/b><\/p>\n<ul>\n<li>Pilnu pakalpojumu kl\u0101stu j\u016bras kravu p\u0101rvad\u0101jumiem vis\u0101 pasaul\u0113.<\/li>\n<li>Pakalpojumus gan nepilniem (LCL) konteineriem, gan pilniem (FCL) konteineriem.<\/li>\n<li>Seko\u0161anu tie\u0161saist\u0113, izmantojot Balti Logistika t\u012bmek\u013ca vietni (<a href=\"http:\/\/www.baltilogistika.ee\/\">www.baltilogistika.com<\/a>)<\/li>\n<\/ul>\n<p><b>Noder\u012bgi zin\u0101t par j\u016bras p\u0101rvad\u0101jumiem:<\/b><\/p>\n<ul>\n<li>J\u016bras kravu svara un apjoma attiec\u012bba ir 1\u00a0m3 = 1000 kg<\/li>\n<li>J\u016bras kravu p\u0101rvad\u0101jumos p\u0101rvad\u0101t\u0101ja atbild\u012bba ir 2,00\u00a0SDR par kravas bruto kilogramu<\/li>\n<\/ul>\n<p>J\u016bras kravu p\u0101rvad\u0101jumos tiek izmantoti da\u017e\u0101du veidu kravu konteineri: parasti izmanto 20 un 40 p\u0113du konteinerus, bet ir ar\u012b speci\u0101li konteineri temperat\u016bras re\u017e\u012bma saglab\u0101\u0161anai (reefer) t\u0101du pre\u010du p\u0101rvad\u0101\u0161anai, kas \u0101tri boj\u0101jas, un atv\u0113rta tipa (open top) konteineri lielizm\u0113ra kravu p\u0101rvad\u0101\u0161anai.<\/p>\n<p>&nbsp;<\/p>\n<p>Lai sa\u0146emtu vair\u0101k inform\u0101cijas, l\u016bdzu, sazinieties ar mums <a title=\"tel:+371 6700 9120\" target=\"_blank\" rel=\"noreferrer noopener\">+371 6700 9120<\/a> vai nos\u016btiet piepras\u012bjumu <a href=\"mailto:Pricing@baltilogistika.com\"><strong>Pricing@baltilogistika.com<\/strong><\/a><\/p>\n","protected":false},"excerpt":{"rendered":"J\u016bras p\u0101rvad\u0101jumi ir lab\u0101kais transport\u0113\u0161anas veids liela apjoma krav\u0101m, kur\u0101m nav nepiecie\u0161ams \u012bss tranz\u012bta laiks. Balti Logistika pied\u0101v\u0101: Pilnu pakalpojumu kl\u0101stu j\u016bras kravu p\u0101rvad\u0101jumiem vis\u0101 pasaul\u0113. Pakalpojumus gan nepilniem (LCL) konteineriem, gan pilniem (FCL) konteineriem. Seko\u0161anu tie\u0161saist\u0113, izmantojot Balti Logistika t\u012bmek\u013ca vietni (www.baltilogistika.com) Noder\u012bgi zin\u0101t par j\u016bras p\u0101rvad\u0101jumiem: J\u016bras kravu svara un apjoma attiec\u012bba ir&#8230; <a class=\"view-article\" href=\"https:\/\/www.baltilogistika.com\/lv\/pakalpojumi\/juras-parvadajumi\/\">View Article<\/a>","protected":false},"author":1,"featured_media":0,"parent":4127,"menu_order":1,"comment_status":"closed","ping_status":"closed","template":"","meta":{"_exactmetrics_skip_tracking":false,"_exactmetrics_sitenote_active":false,"_exactmetrics_sitenote_note":"","_exactmetrics_sitenote_category":0,"footnotes":""},"class_list":["post-4134","page","type-page","status-publish","hentry"],"_links":{"self":[{"href":"https:\/\/www.baltilogistika.com\/lv\/wp-json\/wp\/v2\/pages\/4134"}],"collection":[{"href":"https:\/\/www.baltilogistika.com\/lv\/wp-json\/wp\/v2\/pages"}],"about":[{"href":"https:\/\/www.baltilogistika.com\/lv\/wp-json\/wp\/v2\/types\/page"}],"author":[{"embeddable":true,"href":"https:\/\/www.baltilogistika.com\/lv\/wp-json\/wp\/v2\/users\/1"}],"replies":[{"embeddable":true,"href":"https:\/\/www.baltilogistika.com\/lv\/wp-json\/wp\/v2\/comments?post=4134"}],"version-history":[{"count":3,"href":"https:\/\/www.baltilogistika.com\/lv\/wp-json\/wp\/v2\/pages\/4134\/revisions"}],"predecessor-version":[{"id":4834,"href":"https:\/\/www.baltilogistika.com\/lv\/wp-json\/wp\/v2\/pages\/4134\/revisions\/4834"}],"up":[{"embeddable":true,"href":"https:\/\/www.baltilogistika.com\/lv\/wp-json\/wp\/v2\/pages\/4127"}],"wp:attachment":[{"href":"https:\/\/www.baltilogistika.com\/lv\/wp-json\/wp\/v2\/media?parent=4134"}],"curies":[{"name":"wp","href":"https:\/\/api.w.org\/{rel}","templated":true}]}}