{"id":4650,"date":"2023-09-06T09:45:23","date_gmt":"2023-09-06T06:45:23","guid":{"rendered":"https:\/\/baltilogistika.com\/?page_id=4650"},"modified":"2025-11-27T13:51:31","modified_gmt":"2025-11-27T11:51:31","slug":"terminai-ir-salygos-naudojantis-balti-logistika-paslaugomis","status":"publish","type":"page","link":"https:\/\/www.baltilogistika.com\/lt\/apie-mus\/terminai-ir-salygos-naudojantis-balti-logistika-paslaugomis\/","title":{"rendered":"Terminai ir s\u0105lygos naudojantis Balti Logistika paslaugomis"},"content":{"rendered":"<p><strong>Pasi\u016blymo galiojimas<\/strong><\/p>\n<p>Kainos pasi\u016blymas turi termin\u0105 ir galioja iki nurodytos pasi\u016blymo galiojimo datos. Kainos pasi\u016blymas galioja, jei duomenys yra nepasikeit\u0119 ir adekvat\u016bs prie\u0161 tai pateiktam pasi\u016blymui. Jei real\u016bs krovinio duomenys ir charakteristikos skiriasi nuo pateikt\u0173 kainos pasi\u016blyme, kaina u\u017e perve\u017eim\u0105 bus perskai\u010diuota.<\/p>\n<p><strong>Ka\u0161tai<\/strong><\/p>\n<p>Suma be PVM. PVM pridedamas vadovaujantis Lietuvos Respublikos \u012fstatymais.<\/p>\n<p>Kuro ir saugumo mokest\u012f avialinijos pasilieka teis\u0119 keisti. Mes rekomenduojame pasitikrinti min\u0117t\u0105 mokest\u012f prie\u0161 pateikiant u\u017esakym\u0105.<\/p>\n<p>S\u0105skaitoje suma apskai\u010diuojama pagal atvykimo dienos kurs\u0105, naudojant Lietuvos banko tos dienos duomenis.<\/p>\n<p>Jeigu Paslaug\u0173 mokestis ar bet kurie kiti mokes\u010diai ar rinkliavos, nurodyti U\u017esakymo patvirtinime ar Kainos pasi\u016blyme, yra pagr\u012fsti s\u0105naudomis ar kitais komponentais u\u017esienio valiuta, kuri skiriasi nuo s\u0105skaitos fakt\u016bros valiutos, tuomet galutin\u0117 Paslaug\u0173 mokes\u010dio ar kit\u0173 mokes\u010di\u0173 ar rinkliav\u0173 suma gali keistis d\u0117l taikomos sumos konvertavimo \u012f s\u0105skaitos fakt\u016bros valiut\u0105 t\u0105 dien\u0105, kai Siunta perduodama Ve\u017e\u0117jui arba kai Klientas gauna s\u0105skait\u0105 fakt\u016br\u0105 \u2014 atsi\u017evelgiant \u012f tai, kuris \u012fvykis \u012fvyksta anks\u010diau. Jei s\u0105skaita fakt\u016bra dar n\u0117ra i\u0161ra\u0161yta ir faktin\u0117 atsi\u0117mimo data pasikei\u010dia, valiutos kursas bus perskai\u010diuotas pagal nauj\u0105 atsi\u0117mimo dat\u0105. Naudojami Europos Centrinio Banko valiut\u0173 keitimo etaloniniai kursai. Jei s\u0105skaitos fakt\u016bros valiuta n\u0117ra \u012ftraukta \u012f Europos Centrinio Banko duomen\u0173 baz\u0119, Balti Logistika turi teis\u0119 savo nuo\u017ei\u016bra taikyti valiut\u0173 keitimo kursus i\u0161 kitos vie\u0161os duomen\u0173 baz\u0117s.<\/p>\n<p><strong>Mok\u0117jimas<\/strong><\/p>\n<p>U\u017e visas paslaugas galima atsiskaityti pavedimu prie\u0161 krovinio pa\u0117mim\u0105 ar jo pristatym\u0105. Atid\u0117jimas \u012fmanomas tik pasira\u0161ius galiojan\u010di\u0105 sutart\u012f su Balti Logistika. Klientui v\u0117luojant \u00a0sumok\u0117ti \u00a0pagal pateiktas s\u0105skaitas, taikomi 0,15% dyd\u017eio delspinigiai nuo laiku nesumok\u0117tos sumos u\u017e kiekvien\u0105 v\u0117lavimo dien\u0105, jei nesutarta kitaip.<\/p>\n<p><strong>At\u0161aukimo s\u0105lygos<\/strong><\/p>\n<p>Siunt\u0117jas turi teis\u0119 atsisakyti u\u017esakyto ve\u017eimo iki tol, kol \u201eBalti Logistika\u201c prad\u0117s vykdyti u\u017esakym\u0105. Jei \u201eBalti Logistika\u201c prad\u0117jo vykdyti u\u017esakym\u0105 ir u\u017esakymas at\u0161aukiamas, \u201eBalti Logistika\u201c turi teis\u0119 gauti kompensacij\u0105, kuri padengt\u0173 pagr\u012fstas jo i\u0161laidas, bet ne didesn\u0119 nei sutarto ve\u017eimo mokes\u010dio suma.<\/p>\n<p><strong>Apmokestinams svoris<\/strong><\/p>\n<p>Oro transporte 1 cbm prilyginamas 167 kg svorio.<br \/>\nKelio transporte 1 cbm prilyginimas 333 kg, 1 LDM &#8211; 1850 kg.<br \/>\nJ\u016br\u0173 transporte 1 cbm prilyginimas 1000 kg.<br \/>\nGele\u017einkeli\u0173 transporte 1cbm prilyginamas 700 kg svorio.<br \/>\nKaina skai\u010diuojama nuo didesnio (apskaitinio svorio) rodmens.<\/p>\n<p><strong>Pretenzijos pateikimas<\/strong><\/p>\n<p>Gav\u0119s siunt\u0105, gav\u0117jas privalo nedelsdamas patikrinti krovin\u012f ir \u012fsitikinti, ar n\u0117ra matom\u0173 pa\u017eeidim\u0173 ar neatitik\u010di\u0173. Visi neatitikimai turi b\u016bti pa\u017eym\u0117ti krovinio pristatymo dokumente, o Balti Logistika turi b\u016bti nedelsiant informuota. Apie pasteb\u0117tus pa\u017eeidimus rekomenduojama padaryti nuotraukas. Gav\u0117jas yra atsakingas u\u017e tai, kad kroviniui neb\u016bt\u0173 padaryta papildoma \u017eala.<\/p>\n<p>Pretenzijos nagrin\u0117jamos tik tada, kai yra visi\u0161kai apmok\u0117tos visos transporto i\u0161laidos. Pretenzijos suma negali b\u016bti i\u0161skai\u010diuota i\u0161 ve\u017eimo mokes\u010di\u0173. Ve\u017e\u0117jas neatsako u\u017e \u017eal\u0105, kuri\u0105 suk\u0117l\u0117 pa\u010dios prek\u0117s savyb\u0117s arba netinkamas pakavimas.<\/p>\n<p>Pretenzij\u0173 pateikimo terminai:<\/p>\n<p>Dalin\u0117 \u017eala arba nuostolis: nedelsiant pasteb\u0117jus, bet ne v\u0117liau kaip per 14 dien\u0173 nuo preki\u0173 gavimo.<br \/>\nV\u0117lavimas: per 21 dien\u0105 nuo dienos, kai siunta buvo perduota gav\u0117jui.<br \/>\nVisi\u0161kas praradimas: per 120 dien\u0173 nuo va\u017etara\u0161\u010dio (siuntos dokumento) u\u017ebaigimo datos.<\/p>\n<p><strong>Ve\u017e\u0117jo atsakomyb\u0117<\/strong><\/p>\n<p>Oro transporte atsakomyb\u0117 u\u017e krovin\u012f yra ribojama 26 SDR nuo realaus svorio u\u017e kilogram\u0105.<br \/>\nKelio transporte atsakomyb\u0117 u\u017e krovin\u012f yra ribojama 8,33 SDR per realaus svorio kilogram\u0105.<br \/>\nJ\u016br\u0173 transporte atsakomyb\u0117 u\u017e krovin\u012f yra ribojama 2 SDR per \u00a0realaus svorio kilogram\u0105.<br \/>\nGele\u017einkeli\u0173 transporte ve\u017e\u0117jo atsakomyb\u0117 u\u017e krovin\u012f yra ribojama \u00a02SDR u\u017e realaus svorio kilogram\u0105.<\/p>\n<p>Apie SDR informacij\u0105 rasite \u010dia: http:\/\/www.imf.org\/external\/np\/fin\/data\/rms_sdrv.aspx. Jei krovinys yra brangus &#8211; rekomenduojame krovin\u012f drausti.<\/p>\n<p>Balti Logistika neatsakinga u\u017e avialinij\u0173 rezervacijas ir skryd\u017ei\u0173 at\u0161aukimus.<\/p>\n<p>&nbsp;<\/p>\n<p><strong>Terms and conditions of Balti Logistika services<\/strong><\/p>\n<p>&nbsp;<\/p>\n<p><strong>Validity of price offer<\/strong><\/p>\n<p>The price offer is valid until the next offer, but not longer than price offer valid date. The price offer is valid if the initial information is which is based is adequate and true. If actual cargo characteristics differ from what is marked in the price offer, the total cost will be re-calculated per actual data.<\/p>\n<p><strong>Cost<\/strong><\/p>\n<p>VAT is not included in the rates.<\/p>\n<p>Fuel and security surcharges of the airlines may change. We suggest to re-check levels before placing the order.<\/p>\n<p>If the Service Fee or any other fees or charges indicated in the Order Confirmation or the Offer are based on costs or other components in other currencies than the invoicing currency, then the final amount of the Service Fee or any other fees or charges may be subject to changes due to conversion of the applicable sum to the invoicing currency on the date when Consignment is handed over to the Carrier or when the Client receives the invoice, whichever occurs earlier. The currency exchange reference rates of the European Central Bank are used. If the invoicing currency is not featured in the European Central Bank database, Balti Logistika has the right to apply the currency exchange rates from another public database in its sole discretion.<\/p>\n<p><strong>Payment method<\/strong><\/p>\n<p>For all services it is possible to pay either in cash or by bank transfer before shipping or delivery of the goods. Credit terms are only available for customers who have a valid Customer Agreement with Balti Logistika. In case of delayed payments, a default interest of 0.15% per day shall be applied to the outstanding amount until full payment is received, unless agreed otherwise.<\/p>\n<p><strong>Terms of cancellation<\/strong><\/p>\n<p>The consignor has a right to refuse the ordered carriage until the time when the Balti Logistika starts to fulfil the order. If the Balti Logistika has started to execute the order and the order is cancelled, then Balti Logistika is entitled to get compensation which would cover his reasonable costs, but not more than the amount of agreed carriage charge.<\/p>\n<p><strong>Chargeable weight<\/strong><\/p>\n<p>In air freight the weight and volume ratio is 1 cbm = 167 kg.<br \/>\nIn road freight the weight and volume ratio is 1 cbm = 333 kg and 1 LDM = 1850 kg.<br \/>\nIn sea freight the weight and volume ratio is 1 cbm = 1000 kg.<br \/>\nIn railway transport the weight and volume ratio is 1 cbm = 700 kg.<br \/>\nThe higher one (chargeable weight) will be the basis for price calculation.<\/p>\n<p><strong>Filing a claim<\/strong><\/p>\n<p>Upon receipt of the shipment, the consignee must immediately inspect the cargo for any visible damage or irregularities. Any discrepancies must be noted on the delivery receipt and Balti Logistika must be notified without delay. Photographs should be taken of the noted issues. The consignee is responsible for preventing any additional damage to the cargo.<\/p>\n<p>Claims will be processed only after all transportation charges have been settled. Claim amounts cannot be deducted from freight charges. The carrier is not liable for damage caused by the inherent nature of the goods or inadequate packaging.<\/p>\n<p>Deadlines for filing a claim:<\/p>\n<p>Partial loss or damage: immediately upon discovery and no later than 14 days after receipt of the goods.<br \/>\nDelay: within 21 days from the date the shipment was made available to the consignee.<br \/>\nTotal loss: within 120 days from the completion date of the consignment note.<\/p>\n<p>&nbsp;<\/p>\n<p><strong>Carrier\u00b4s liability<\/strong><\/p>\n<p>In air freight the carrier&#8217;s liability is up to SDR 22.00 per gross weight.<br \/>\nIn road freight the carrier&#8217;s liability is up to SDR 8.33 per gross weight.<br \/>\nIn sea freight the carrier&#8217;s liability is up to SDR 2.00 per gross weight.<br \/>\nIn railway transport the carrier&#8217;s liability is up to SDR 2.00 per gross weight.<\/p>\n<p>SDR info: http:\/\/www.imf.org\/external\/np\/fin\/data\/rms_sdrv.aspx. If a shipment is valuable, we recommend to make full transportation insurance.<\/p>\n<p>Balti Logistika is not responsible for airline bookings and alterations made in them.<\/p>\n<p>&nbsp;<\/p>\n<p>&nbsp;<\/p>\n<p>&nbsp;<\/p>\n","protected":false},"excerpt":{"rendered":"Pasi\u016blymo galiojimas Kainos pasi\u016blymas turi termin\u0105 ir galioja iki nurodytos pasi\u016blymo galiojimo datos. Kainos pasi\u016blymas galioja, jei duomenys yra nepasikeit\u0119 ir adekvat\u016bs prie\u0161 tai pateiktam pasi\u016blymui. Jei real\u016bs krovinio duomenys ir charakteristikos skiriasi nuo pateikt\u0173 kainos pasi\u016blyme, kaina u\u017e perve\u017eim\u0105 bus perskai\u010diuota. Ka\u0161tai Suma be PVM. PVM pridedamas vadovaujantis Lietuvos Respublikos \u012fstatymais. Kuro ir saugumo&#8230; <a class=\"view-article\" href=\"https:\/\/www.baltilogistika.com\/lt\/apie-mus\/terminai-ir-salygos-naudojantis-balti-logistika-paslaugomis\/\">View Article<\/a>","protected":false},"author":1,"featured_media":0,"parent":4286,"menu_order":0,"comment_status":"closed","ping_status":"closed","template":"","meta":{"_exactmetrics_skip_tracking":false,"_exactmetrics_sitenote_active":false,"_exactmetrics_sitenote_note":"","_exactmetrics_sitenote_category":0,"footnotes":""},"class_list":["post-4650","page","type-page","status-publish","hentry"],"_links":{"self":[{"href":"https:\/\/www.baltilogistika.com\/lt\/wp-json\/wp\/v2\/pages\/4650"}],"collection":[{"href":"https:\/\/www.baltilogistika.com\/lt\/wp-json\/wp\/v2\/pages"}],"about":[{"href":"https:\/\/www.baltilogistika.com\/lt\/wp-json\/wp\/v2\/types\/page"}],"author":[{"embeddable":true,"href":"https:\/\/www.baltilogistika.com\/lt\/wp-json\/wp\/v2\/users\/1"}],"replies":[{"embeddable":true,"href":"https:\/\/www.baltilogistika.com\/lt\/wp-json\/wp\/v2\/comments?post=4650"}],"version-history":[{"count":5,"href":"https:\/\/www.baltilogistika.com\/lt\/wp-json\/wp\/v2\/pages\/4650\/revisions"}],"predecessor-version":[{"id":4938,"href":"https:\/\/www.baltilogistika.com\/lt\/wp-json\/wp\/v2\/pages\/4650\/revisions\/4938"}],"up":[{"embeddable":true,"href":"https:\/\/www.baltilogistika.com\/lt\/wp-json\/wp\/v2\/pages\/4286"}],"wp:attachment":[{"href":"https:\/\/www.baltilogistika.com\/lt\/wp-json\/wp\/v2\/media?parent=4650"}],"curies":[{"name":"wp","href":"https:\/\/api.w.org\/{rel}","templated":true}]}}