{"id":4305,"date":"2018-04-05T14:40:00","date_gmt":"2018-04-05T11:40:00","guid":{"rendered":"https:\/\/baltilogistika.com\/bonus-program\/"},"modified":"2023-07-21T10:44:04","modified_gmt":"2023-07-21T07:44:04","slug":"premiju-programa","status":"publish","type":"page","link":"https:\/\/www.baltilogistika.com\/lt\/premiju-programa\/","title":{"rendered":"Premij\u0173 Programa"},"content":{"rendered":"<h2>D\u017eiaugiam\u0117s gal\u0117dami pristatyti m\u016bs\u0173 nauj\u0105 premijos ta\u0161k\u0173 sistem\u0105 \u201eMilijonai myli\u0173\u201c<\/h2>\n<p data-pm-slice=\"1 1 []\"><strong>I\u0161 J\u016bs\u0173 neprireiks joki\u0173 pastang\u0173<\/strong>\u00a0\u2013 tiesiog u\u017esisakykite m\u016bs\u0173 paslaugas ir rinkite mylias. Mes Jus informuosime apie sukaupt\u0173 myli\u0173 skai\u010di\u0173 ir u\u017edirbtus laim\u0117jimus.<br \/>\nKvie\u010diame prisijungti prie m\u016bs\u0173 \u0161ioje kelion\u0117je!<\/p>\n<p>Geriausi link\u0117jimai,<br \/>\n<strong>Balti Logistika<\/strong><\/p>\n","protected":false},"excerpt":{"rendered":"D\u017eiaugiam\u0117s gal\u0117dami pristatyti m\u016bs\u0173 nauj\u0105 premijos ta\u0161k\u0173 sistem\u0105 \u201eMilijonai myli\u0173\u201c I\u0161 J\u016bs\u0173 neprireiks joki\u0173 pastang\u0173\u00a0\u2013 tiesiog u\u017esisakykite m\u016bs\u0173 paslaugas ir rinkite mylias. Mes Jus informuosime apie sukaupt\u0173 myli\u0173 skai\u010di\u0173 ir u\u017edirbtus laim\u0117jimus. Kvie\u010diame prisijungti prie m\u016bs\u0173 \u0161ioje kelion\u0117je! Geriausi link\u0117jimai, Balti Logistika","protected":false},"author":1,"featured_media":0,"parent":0,"menu_order":0,"comment_status":"closed","ping_status":"closed","template":"template_parts\/page-bonus.php","meta":{"_exactmetrics_skip_tracking":false,"_exactmetrics_sitenote_active":false,"_exactmetrics_sitenote_note":"","_exactmetrics_sitenote_category":0,"footnotes":""},"class_list":["post-4305","page","type-page","status-publish","hentry"],"_links":{"self":[{"href":"https:\/\/www.baltilogistika.com\/lt\/wp-json\/wp\/v2\/pages\/4305"}],"collection":[{"href":"https:\/\/www.baltilogistika.com\/lt\/wp-json\/wp\/v2\/pages"}],"about":[{"href":"https:\/\/www.baltilogistika.com\/lt\/wp-json\/wp\/v2\/types\/page"}],"author":[{"embeddable":true,"href":"https:\/\/www.baltilogistika.com\/lt\/wp-json\/wp\/v2\/users\/1"}],"replies":[{"embeddable":true,"href":"https:\/\/www.baltilogistika.com\/lt\/wp-json\/wp\/v2\/comments?post=4305"}],"version-history":[{"count":2,"href":"https:\/\/www.baltilogistika.com\/lt\/wp-json\/wp\/v2\/pages\/4305\/revisions"}],"predecessor-version":[{"id":4307,"href":"https:\/\/www.baltilogistika.com\/lt\/wp-json\/wp\/v2\/pages\/4305\/revisions\/4307"}],"wp:attachment":[{"href":"https:\/\/www.baltilogistika.com\/lt\/wp-json\/wp\/v2\/media?parent=4305"}],"curies":[{"name":"wp","href":"https:\/\/api.w.org\/{rel}","templated":true}]}}