{"id":4283,"date":"2018-05-16T14:09:55","date_gmt":"2018-05-16T11:09:55","guid":{"rendered":"https:\/\/baltilogistika.com\/patarimai-ir-irankiai\/pallet-types\/"},"modified":"2023-07-20T15:36:48","modified_gmt":"2023-07-20T12:36:48","slug":"padeklu-tipai","status":"publish","type":"page","link":"https:\/\/www.baltilogistika.com\/lt\/patarimai-ir-irankiai\/padeklu-tipai\/","title":{"rendered":"Pad\u0117kl\u0173 tipai"},"content":{"rendered":"<p class=\"western\" lang=\"en-US\">Daugeliu atvej\u0173, siun\u010diant krovinius \u012f vietoves u\u017e Europos S\u0105jungos rib\u0173, reikalaujama naudoti termi\u0161kai apdorotus pad\u0117klus (pa\u017eym\u0117tus \u201eIPPC\u201c (Tarptautin\u0117 augal\u0173 apsaugos konvencija) \u017eenklu).<\/p>\n<table style=\"height: 146px;\" width=\"411\">\n<tbody>\n<tr>\n<td style=\"width: 160px;\"><strong><span style=\"color: #c40c30;\">Pad\u0117kl\u0173 tipai<\/span><\/strong><\/td>\n<td style=\"width: 235px;\"><strong><span style=\"color: #c40c30;\">Matmenys<\/span><\/strong><\/td>\n<\/tr>\n<tr>\n<td style=\"width: 160px;\">EUR pad\u0117klas<\/td>\n<td style=\"width: 235px;\">1200 x 800 x h mm<\/td>\n<\/tr>\n<tr>\n<td style=\"width: 160px;\">Ma\u017eas EUR pad\u0117klas<\/td>\n<td style=\"width: 235px;\">800 x 600 x h mm<\/td>\n<\/tr>\n<tr>\n<td style=\"width: 160px;\">FIN (ISO) pad\u0117klas<\/td>\n<td style=\"width: 235px;\">1000 x 1200 x h mm<\/td>\n<\/tr>\n<\/tbody>\n<\/table>\n","protected":false},"excerpt":{"rendered":"Daugeliu atvej\u0173, siun\u010diant krovinius \u012f vietoves u\u017e Europos S\u0105jungos rib\u0173, reikalaujama naudoti termi\u0161kai apdorotus pad\u0117klus (pa\u017eym\u0117tus \u201eIPPC\u201c (Tarptautin\u0117 augal\u0173 apsaugos konvencija) \u017eenklu). Pad\u0117kl\u0173 tipai Matmenys EUR pad\u0117klas 1200 x 800 x h mm Ma\u017eas EUR pad\u0117klas 800 x 600 x h mm FIN (ISO) pad\u0117klas 1000 x 1200 x h mm","protected":false},"author":1,"featured_media":0,"parent":4268,"menu_order":3,"comment_status":"closed","ping_status":"closed","template":"","meta":{"_exactmetrics_skip_tracking":false,"_exactmetrics_sitenote_active":false,"_exactmetrics_sitenote_note":"","_exactmetrics_sitenote_category":0,"footnotes":""},"class_list":["post-4283","page","type-page","status-publish","hentry"],"_links":{"self":[{"href":"https:\/\/www.baltilogistika.com\/lt\/wp-json\/wp\/v2\/pages\/4283"}],"collection":[{"href":"https:\/\/www.baltilogistika.com\/lt\/wp-json\/wp\/v2\/pages"}],"about":[{"href":"https:\/\/www.baltilogistika.com\/lt\/wp-json\/wp\/v2\/types\/page"}],"author":[{"embeddable":true,"href":"https:\/\/www.baltilogistika.com\/lt\/wp-json\/wp\/v2\/users\/1"}],"replies":[{"embeddable":true,"href":"https:\/\/www.baltilogistika.com\/lt\/wp-json\/wp\/v2\/comments?post=4283"}],"version-history":[{"count":1,"href":"https:\/\/www.baltilogistika.com\/lt\/wp-json\/wp\/v2\/pages\/4283\/revisions"}],"predecessor-version":[{"id":4284,"href":"https:\/\/www.baltilogistika.com\/lt\/wp-json\/wp\/v2\/pages\/4283\/revisions\/4284"}],"up":[{"embeddable":true,"href":"https:\/\/www.baltilogistika.com\/lt\/wp-json\/wp\/v2\/pages\/4268"}],"wp:attachment":[{"href":"https:\/\/www.baltilogistika.com\/lt\/wp-json\/wp\/v2\/media?parent=4283"}],"curies":[{"name":"wp","href":"https:\/\/api.w.org\/{rel}","templated":true}]}}