{"id":4280,"date":"2018-05-16T13:40:13","date_gmt":"2018-05-16T10:40:13","guid":{"rendered":"https:\/\/baltilogistika.com\/patarimai-ir-irankiai\/incoterms\/"},"modified":"2023-07-20T15:32:11","modified_gmt":"2023-07-20T12:32:11","slug":"incoterms","status":"publish","type":"page","link":"https:\/\/www.baltilogistika.com\/lt\/patarimai-ir-irankiai\/incoterms\/","title":{"rendered":"Incoterms"},"content":{"rendered":"<h5>EXW \u2013 I\u0161 \u012fmon\u0117s (nurodyta pristatymo vieta)<\/h5>\n<p>Pardav\u0117jas suteikia prieig\u0105 prie prieki\u0173 savo teritorijoje. Pirk\u0117jas yra atsakingas u\u017e pakrovim\u0105. \u0160is terminas numato maksimalius \u012fsipareigojimus pirk\u0117jui ir minimalius \u012fsipareigojimus pardav\u0117jui. \u201eI\u0161 \u012fmon\u0117s\u201c terminas da\u017enai naudojamas nustatant pradin\u0119 preki\u0173 pardavimo kain\u0105, ne\u012ftraukiant joki\u0173 i\u0161laid\u0173. EXW rei\u0161kia, kad pardav\u0117jas yra paruo\u0161\u0119s prekes pa\u0117mimui savo patalpose (\u012fmon\u0117je, fabrike, sand\u0117lyje, gamykloje) sutart\u0105 dien\u0105. Pirk\u0117jas apmoka visas transportavimo i\u0161laidas ir taip pat prisiima rizik\u0105 d\u0117l preki\u0173 pristatymo \u012f galutin\u0119 paskirties viet\u0105. Pardav\u0117jas nepakrauna preki\u0173 \u012f j\u0173 gabenimui skirtas transporto priemones ir netvarko j\u0173 eksporto dokument\u0173. Jei pardav\u0117jas pakrauna prekes, jis tai daro pirk\u0117jo rizika ir s\u0105skaita. Jei \u0161alys pageidauja, kad pardav\u0117jas prisiimt\u0173 atsakomyb\u0119 u\u017e preki\u0173 pakrovim\u0105 i\u0161vykimo metu ir prisiimt\u0173 tokio pakrovimo rizik\u0105 ir visas i\u0161laidas, tai turi b\u016bti ai\u0161kiai nurodyta, \u012ftraukiant ai\u0161ki\u0105 formuluot\u0119 \u012f pardavimo sutart\u012f.<\/p>\n<h5>FCA \u2013 Franko transportuotojas (nurodyta pristatymo vieta)<\/h5>\n<p>Pardav\u0117jas perduoda prekes, sutvark\u0119s j\u0173 eksporto dokumentus, pirmajam ve\u017e\u0117jui (nurodytam pirk\u0117jo) nurodytoje vietoje. Pardav\u0117jas moka u\u017e gabenim\u0105 iki nurodytos pristatymo vietos ir, kai prek\u0117s yra perduodamos pirmam ve\u017e\u0117jui, rizika perduodama.<\/p>\n<h5>CPT \u2013 Transportavimas apmok\u0117tas iki (nurodyta paskirties vieta)<\/h5>\n<p>TPardav\u0117jas moka u\u017e perve\u017eim\u0105. Rizika pereina pirk\u0117jui, perduodant prekes pirmam ve\u017e\u0117jui importo vietoje.<\/p>\n<h5>CIP \u2013 Transportavimas ir draudimas apmok\u0117ti iki (nurodyta paskirties vieta)<\/h5>\n<p>Termino CIF atitikmuo, taikomas transportavimui konteineriais ir kombinuotajam transportavimui. Pardav\u0117jas moka u\u017e perve\u017eim\u0105 ir draudim\u0105 iki nurodytos paskirties vietos, ta\u010diau rizika praeina, kai prek\u0117s perduodamos pirmam ve\u017e\u0117jui.<\/p>\n<h5>DAT \u2013 Pristatyta \u012f terminal\u0105 (nurodytas terminalas uoste arba paskirties vieta)<\/h5>\n<p>Pardav\u0117jas moka u\u017e ve\u017eim\u0105 \u012f terminal\u0105, i\u0161skyrus i\u0161laidas, susijusias su importo muitais, ir prisiima vis\u0105 rizik\u0105 iki tol kol prek\u0117s yra i\u0161kraunamos terminale.<\/p>\n<h5>DAP \u2013 Pristatyta \u012f viet\u0105 (nurodyta paskirties vieta)<\/h5>\n<p>Pardav\u0117jas moka u\u017e ve\u017eim\u0105 \u012f nurodyt\u0105 viet\u0105, i\u0161skyrus i\u0161laidas, susijusias su importo muitais, ir prisiima vis\u0105 rizik\u0105 iki tol, kol prek\u0117s yra paruo\u0161iamos, kad pirk\u0117jas gal\u0117t\u0173 jas i\u0161krauti.<\/p>\n<h5>DDP \u2013 Pristatyta, muitas sumok\u0117tas (nurodyta paskirties vieta)<\/h5>\n<p>Pardav\u0117jas yra atsakingas u\u017e preki\u0173 pristatym\u0105 \u012f nurodyt\u0105 viet\u0105 pirk\u0117jo \u0161alyje ir sumoka visas preki\u0173 pristatymo \u012f viet\u0105 i\u0161laidas, \u012fskaitant importo muitus ir mokes\u010dius. Pirk\u0117jas yra atsakingas u\u017e i\u0161krovim\u0105. \u0160is terminas numato maksimalius \u012fsipareigojimus pardav\u0117jui ir minimalius \u012fsipareigojimus pirk\u0117jui.<\/p>\n<h4><\/h4>\n<h4>J\u016br\u0173 ir vidaus vanden\u0173 transportas<\/h4>\n<h5>FAS \u2013 Franko laivas (nurodytas i\u0161siuntimo uostas)<\/h5>\n<p>Pardav\u0117jas turi pateikti prekes \u0161alia laivo nurodytame j\u016br\u0173 uoste. Pardav\u0117jas turi sutvarkyti preki\u0173 eksporto dokumentus. \u0160i s\u0105voka da\u017eniausiai naudojama sunkiasvoriams arba dideli\u0173 matmen\u0173 kroviniams.<\/p>\n<h5>FOB \u2013 Franko laivo denis (nurodytas i\u0161siuntimo uostas)<\/h5>\n<p>Pardav\u0117jas privalo pakrauti prekes \u012f pirk\u0117jo paskirt\u0105 laiv\u0105. I\u0161laidos ir rizika padalijami, kai prek\u0117s yra fakti\u0161kai laive. Pardav\u0117jas turi sutvarkyti preki\u0173 eksporto dokumentus.<\/p>\n<h5>CFR \u2013 Kaina ir frachtas (nurodytas paskirties uostas)<\/h5>\n<p>Pardav\u0117jas turi apmok\u0117ti preki\u0173 pristatymo \u012f paskirties uost\u0105 i\u0161laidas ir fracht\u0105. Ta\u010diau rizika perduodama pirk\u0117jui, kai prek\u0117s yra pakraunamos \u012f laiv\u0105. Preki\u0173 draudimas NE\u012eSKAI\u010cIUOTAS. \u0160i s\u0105voka anks\u010diau buvo \u017einoma kaip CNF (C&amp;F). Taikoma tik j\u016br\u0173 transportui.<\/p>\n<h5>CIF \u2013 Kaina, draudimas ir frachtas (nurodytas paskirties uostas)<\/h5>\n<p>\u0160io termino reik\u0161m\u0117 tokia pati kaip ir CFR, i\u0161skyrus tai, kad pardav\u0117jas turi papildomai \u012fsigyti ir sumok\u0117ti u\u017e draudim\u0105. Taikoma tik j\u016br\u0173 transportui.<\/p>\n","protected":false},"excerpt":{"rendered":"EXW \u2013 I\u0161 \u012fmon\u0117s (nurodyta pristatymo vieta) Pardav\u0117jas suteikia prieig\u0105 prie prieki\u0173 savo teritorijoje. Pirk\u0117jas yra atsakingas u\u017e pakrovim\u0105. \u0160is terminas numato maksimalius \u012fsipareigojimus pirk\u0117jui ir minimalius \u012fsipareigojimus pardav\u0117jui. \u201eI\u0161 \u012fmon\u0117s\u201c terminas da\u017enai naudojamas nustatant pradin\u0119 preki\u0173 pardavimo kain\u0105, ne\u012ftraukiant joki\u0173 i\u0161laid\u0173. EXW rei\u0161kia, kad pardav\u0117jas yra paruo\u0161\u0119s prekes pa\u0117mimui savo patalpose (\u012fmon\u0117je, fabrike, sand\u0117lyje,&#8230; <a class=\"view-article\" href=\"https:\/\/www.baltilogistika.com\/lt\/patarimai-ir-irankiai\/incoterms\/\">View Article<\/a>","protected":false},"author":1,"featured_media":0,"parent":4268,"menu_order":2,"comment_status":"closed","ping_status":"closed","template":"template_parts\/page-incoterms.php","meta":{"_exactmetrics_skip_tracking":false,"_exactmetrics_sitenote_active":false,"_exactmetrics_sitenote_note":"","_exactmetrics_sitenote_category":0,"footnotes":""},"class_list":["post-4280","page","type-page","status-publish","hentry"],"_links":{"self":[{"href":"https:\/\/www.baltilogistika.com\/lt\/wp-json\/wp\/v2\/pages\/4280"}],"collection":[{"href":"https:\/\/www.baltilogistika.com\/lt\/wp-json\/wp\/v2\/pages"}],"about":[{"href":"https:\/\/www.baltilogistika.com\/lt\/wp-json\/wp\/v2\/types\/page"}],"author":[{"embeddable":true,"href":"https:\/\/www.baltilogistika.com\/lt\/wp-json\/wp\/v2\/users\/1"}],"replies":[{"embeddable":true,"href":"https:\/\/www.baltilogistika.com\/lt\/wp-json\/wp\/v2\/comments?post=4280"}],"version-history":[{"count":1,"href":"https:\/\/www.baltilogistika.com\/lt\/wp-json\/wp\/v2\/pages\/4280\/revisions"}],"predecessor-version":[{"id":4281,"href":"https:\/\/www.baltilogistika.com\/lt\/wp-json\/wp\/v2\/pages\/4280\/revisions\/4281"}],"up":[{"embeddable":true,"href":"https:\/\/www.baltilogistika.com\/lt\/wp-json\/wp\/v2\/pages\/4268"}],"wp:attachment":[{"href":"https:\/\/www.baltilogistika.com\/lt\/wp-json\/wp\/v2\/media?parent=4280"}],"curies":[{"name":"wp","href":"https:\/\/api.w.org\/{rel}","templated":true}]}}