{"id":4258,"date":"2018-04-16T14:37:07","date_gmt":"2018-04-16T11:37:07","guid":{"rendered":"https:\/\/baltilogistika.com\/paslaugos\/emergency-logistics\/"},"modified":"2023-07-20T15:06:00","modified_gmt":"2023-07-20T12:06:00","slug":"itin-skubus-kroviniu-gabenimas","status":"publish","type":"page","link":"https:\/\/www.baltilogistika.com\/lt\/paslaugos\/itin-skubus-kroviniu-gabenimas\/","title":{"rendered":"Itin skubus krovini\u0173 gabenimas"},"content":{"rendered":"<p>Itin skubus krovini\u0173 gabenimas rei\u0161kia itin greit\u0105 ar patikim\u0105 transportavim\u0105.<br \/>\nTai grei\u010diausias perve\u017eimas rinkoje.<\/p>\n<p>Balti Logistika si\u016blo itin skubaus krovini\u0173 gabenimo paslaugas visame pasaulyje.<\/p>\n<p>Nesvarbu, ar skubiai reikalingas atsargines detales, skubius dokumentus, unikalius pavyzd\u017eius ar jautrius m\u0117ginius, kiekvien\u0105 siunt\u0105 perve\u017eame \u012f paskirt\u0105 viet\u0105 patikimai ir pa\u010diu grei\u010diausiu b\u016bdu.<\/p>\n","protected":false},"excerpt":{"rendered":"Itin skubus krovini\u0173 gabenimas rei\u0161kia itin greit\u0105 ar patikim\u0105 transportavim\u0105. Tai grei\u010diausias perve\u017eimas rinkoje. Balti Logistika si\u016blo itin skubaus krovini\u0173 gabenimo paslaugas visame pasaulyje. Nesvarbu, ar skubiai reikalingas atsargines detales, skubius dokumentus, unikalius pavyzd\u017eius ar jautrius m\u0117ginius, kiekvien\u0105 siunt\u0105 perve\u017eame \u012f paskirt\u0105 viet\u0105 patikimai ir pa\u010diu grei\u010diausiu b\u016bdu.","protected":false},"author":1,"featured_media":0,"parent":4243,"menu_order":5,"comment_status":"closed","ping_status":"closed","template":"","meta":{"_exactmetrics_skip_tracking":false,"_exactmetrics_sitenote_active":false,"_exactmetrics_sitenote_note":"","_exactmetrics_sitenote_category":0,"footnotes":""},"class_list":["post-4258","page","type-page","status-publish","hentry"],"_links":{"self":[{"href":"https:\/\/www.baltilogistika.com\/lt\/wp-json\/wp\/v2\/pages\/4258"}],"collection":[{"href":"https:\/\/www.baltilogistika.com\/lt\/wp-json\/wp\/v2\/pages"}],"about":[{"href":"https:\/\/www.baltilogistika.com\/lt\/wp-json\/wp\/v2\/types\/page"}],"author":[{"embeddable":true,"href":"https:\/\/www.baltilogistika.com\/lt\/wp-json\/wp\/v2\/users\/1"}],"replies":[{"embeddable":true,"href":"https:\/\/www.baltilogistika.com\/lt\/wp-json\/wp\/v2\/comments?post=4258"}],"version-history":[{"count":1,"href":"https:\/\/www.baltilogistika.com\/lt\/wp-json\/wp\/v2\/pages\/4258\/revisions"}],"predecessor-version":[{"id":4259,"href":"https:\/\/www.baltilogistika.com\/lt\/wp-json\/wp\/v2\/pages\/4258\/revisions\/4259"}],"up":[{"embeddable":true,"href":"https:\/\/www.baltilogistika.com\/lt\/wp-json\/wp\/v2\/pages\/4243"}],"wp:attachment":[{"href":"https:\/\/www.baltilogistika.com\/lt\/wp-json\/wp\/v2\/media?parent=4258"}],"curies":[{"name":"wp","href":"https:\/\/api.w.org\/{rel}","templated":true}]}}