{"id":4255,"date":"2018-04-16T14:36:48","date_gmt":"2018-04-16T11:36:48","guid":{"rendered":"https:\/\/baltilogistika.com\/paslaugos\/road-freight\/"},"modified":"2023-07-20T15:04:47","modified_gmt":"2023-07-20T12:04:47","slug":"kroviniu-gabenimas-keliu-transportu","status":"publish","type":"page","link":"https:\/\/www.baltilogistika.com\/lt\/paslaugos\/kroviniu-gabenimas-keliu-transportu\/","title":{"rendered":"Krovini\u0173 gabenimas keli\u0173 transportu"},"content":{"rendered":"<p>Gabenimas keli\u0173 transportu yra efektyvus transportavimo b\u016bdas kroviniams ve\u017eti Europoje<br \/>\n<strong>Balti Logistika si\u016blo:<\/strong><\/p>\n<ul>\n<li>Krovini\u0173 gabenimo paslaugas \u201enuo dur\u0173 iki dur\u0173\u201c Europoje<\/li>\n<li>Dalinai pakraut\u0173 (LTL) ir pilnai pakraut\u0173 (FTL) sunkve\u017eimi\u0173 paslaugas<\/li>\n<\/ul>\n<p><strong>Verta \u017einoti gabenant keliu:<\/strong><\/p>\n<ul>\n<li>Svorio ir t\u016brio santykis gabenant keli\u0173 transportu yra 1 m3 = 333.33 kg<\/li>\n<li>Ve\u017e\u0117jo, gabenan\u010dio krovin\u012f j\u016br\u0173 transportu, atsakomyb\u0117 yra iki 8.33 SDR u\u017e bruto kilogram\u0105<\/li>\n<li>Standartin\u0117s tentin\u0117s priekabos vidiniai i\u0161matavimai \u2013 ilgis 13.60 m, plotis 2.45 m ir auk\u0161tis 2.70 m.<\/li>\n<li>Priekaba paprastai talpina iki 33 EUR pad\u0117kl\u0173 arba 26 FIN pad\u0117kl\u0173.<\/li>\n<\/ul>\n<p><strong>Susij\u0119 dokumentai:<\/strong><\/p>\n<ul>\n<li>Tarptautinio krovini\u0173 ve\u017eimo keliais sutarties konvencija \u2013 CMR<\/li>\n<li>Preki\u0173 deklaracija<\/li>\n<li>Siunt\u0117jo i\u0161duota komercin\u0117 s\u0105skaita arba pakavimo lapas<\/li>\n<\/ul>\n<p>&nbsp;<\/p>\n","protected":false},"excerpt":{"rendered":"Gabenimas keli\u0173 transportu yra efektyvus transportavimo b\u016bdas kroviniams ve\u017eti Europoje Balti Logistika si\u016blo: Krovini\u0173 gabenimo paslaugas \u201enuo dur\u0173 iki dur\u0173\u201c Europoje Dalinai pakraut\u0173 (LTL) ir pilnai pakraut\u0173 (FTL) sunkve\u017eimi\u0173 paslaugas Verta \u017einoti gabenant keliu: Svorio ir t\u016brio santykis gabenant keli\u0173 transportu yra 1 m3 = 333.33 kg Ve\u017e\u0117jo, gabenan\u010dio krovin\u012f j\u016br\u0173 transportu, atsakomyb\u0117 yra iki&#8230; <a class=\"view-article\" href=\"https:\/\/www.baltilogistika.com\/lt\/paslaugos\/kroviniu-gabenimas-keliu-transportu\/\">View Article<\/a>","protected":false},"author":1,"featured_media":0,"parent":4243,"menu_order":3,"comment_status":"closed","ping_status":"closed","template":"","meta":{"_exactmetrics_skip_tracking":false,"_exactmetrics_sitenote_active":false,"_exactmetrics_sitenote_note":"","_exactmetrics_sitenote_category":0,"footnotes":""},"class_list":["post-4255","page","type-page","status-publish","hentry"],"_links":{"self":[{"href":"https:\/\/www.baltilogistika.com\/lt\/wp-json\/wp\/v2\/pages\/4255"}],"collection":[{"href":"https:\/\/www.baltilogistika.com\/lt\/wp-json\/wp\/v2\/pages"}],"about":[{"href":"https:\/\/www.baltilogistika.com\/lt\/wp-json\/wp\/v2\/types\/page"}],"author":[{"embeddable":true,"href":"https:\/\/www.baltilogistika.com\/lt\/wp-json\/wp\/v2\/users\/1"}],"replies":[{"embeddable":true,"href":"https:\/\/www.baltilogistika.com\/lt\/wp-json\/wp\/v2\/comments?post=4255"}],"version-history":[{"count":1,"href":"https:\/\/www.baltilogistika.com\/lt\/wp-json\/wp\/v2\/pages\/4255\/revisions"}],"predecessor-version":[{"id":4256,"href":"https:\/\/www.baltilogistika.com\/lt\/wp-json\/wp\/v2\/pages\/4255\/revisions\/4256"}],"up":[{"embeddable":true,"href":"https:\/\/www.baltilogistika.com\/lt\/wp-json\/wp\/v2\/pages\/4243"}],"wp:attachment":[{"href":"https:\/\/www.baltilogistika.com\/lt\/wp-json\/wp\/v2\/media?parent=4255"}],"curies":[{"name":"wp","href":"https:\/\/api.w.org\/{rel}","templated":true}]}}