{"id":4252,"date":"2018-04-16T14:34:37","date_gmt":"2018-04-16T11:34:37","guid":{"rendered":"https:\/\/baltilogistika.com\/paslaugos\/rail-transport\/"},"modified":"2024-03-22T15:39:25","modified_gmt":"2024-03-22T13:39:25","slug":"kroviniu-gabenimas-gelezinkeliu-transportu","status":"publish","type":"page","link":"https:\/\/www.baltilogistika.com\/lt\/paslaugos\/kroviniu-gabenimas-gelezinkeliu-transportu\/","title":{"rendered":"Krovini\u0173 gabenimas gele\u017einkeli\u0173 transportu"},"content":{"rendered":"<p><span class=\"ui-provider a b c d e f g h i j k l m n o p q r s t u v w x y z ab ac ae af ag ah ai aj ak\" dir=\"ltr\">Gele\u017einkeli\u0173 transportas yra reik\u0161minga tiekimo grandin\u0117s dalis tarp Baltijos \u0161ali\u0173 ir Azijos.<\/span><\/p>\n<p><strong>Balti Logistika si\u016blo:<\/strong><\/p>\n<ul>\n<li>Gele\u017einkelio transporto paslaugas i\u0161 vis\u0173 pagrindini\u0173 Baltijos \u0161ali\u0173 uost\u0173: Talino, Rygos ir Klaip\u0117dos<\/li>\n<li><span class=\"ui-provider a b c d e f g h i j k l m n o p q r s t u v w x y z ab ac ae af ag ah ai aj ak\" dir=\"ltr\">20 ir 40 p\u0117d\u0173 konteineri\u0173 transportavim\u0105 i\u0161 Kinijos \u012f Pabaltijo \u0161alis, \u00a0Vakar\u0173 Europ\u0105 ir Centrin\u0119 Azij\u0105.<\/span><\/li>\n<li>Pristatym\u0105 iki dur\u0173 pagal pageidavim\u0105<\/li>\n<\/ul>\n","protected":false},"excerpt":{"rendered":"Gele\u017einkeli\u0173 transportas yra reik\u0161minga tiekimo grandin\u0117s dalis tarp Baltijos \u0161ali\u0173 ir Azijos. Balti Logistika si\u016blo: Gele\u017einkelio transporto paslaugas i\u0161 vis\u0173 pagrindini\u0173 Baltijos \u0161ali\u0173 uost\u0173: Talino, Rygos ir Klaip\u0117dos 20 ir 40 p\u0117d\u0173 konteineri\u0173 transportavim\u0105 i\u0161 Kinijos \u012f Pabaltijo \u0161alis, \u00a0Vakar\u0173 Europ\u0105 ir Centrin\u0119 Azij\u0105. Pristatym\u0105 iki dur\u0173 pagal pageidavim\u0105","protected":false},"author":1,"featured_media":0,"parent":4243,"menu_order":2,"comment_status":"closed","ping_status":"closed","template":"","meta":{"_exactmetrics_skip_tracking":false,"_exactmetrics_sitenote_active":false,"_exactmetrics_sitenote_note":"","_exactmetrics_sitenote_category":0,"footnotes":""},"class_list":["post-4252","page","type-page","status-publish","hentry"],"_links":{"self":[{"href":"https:\/\/www.baltilogistika.com\/lt\/wp-json\/wp\/v2\/pages\/4252"}],"collection":[{"href":"https:\/\/www.baltilogistika.com\/lt\/wp-json\/wp\/v2\/pages"}],"about":[{"href":"https:\/\/www.baltilogistika.com\/lt\/wp-json\/wp\/v2\/types\/page"}],"author":[{"embeddable":true,"href":"https:\/\/www.baltilogistika.com\/lt\/wp-json\/wp\/v2\/users\/1"}],"replies":[{"embeddable":true,"href":"https:\/\/www.baltilogistika.com\/lt\/wp-json\/wp\/v2\/comments?post=4252"}],"version-history":[{"count":4,"href":"https:\/\/www.baltilogistika.com\/lt\/wp-json\/wp\/v2\/pages\/4252\/revisions"}],"predecessor-version":[{"id":4736,"href":"https:\/\/www.baltilogistika.com\/lt\/wp-json\/wp\/v2\/pages\/4252\/revisions\/4736"}],"up":[{"embeddable":true,"href":"https:\/\/www.baltilogistika.com\/lt\/wp-json\/wp\/v2\/pages\/4243"}],"wp:attachment":[{"href":"https:\/\/www.baltilogistika.com\/lt\/wp-json\/wp\/v2\/media?parent=4252"}],"curies":[{"name":"wp","href":"https:\/\/api.w.org\/{rel}","templated":true}]}}