{"id":4249,"date":"2018-04-16T14:34:58","date_gmt":"2018-04-16T11:34:58","guid":{"rendered":"https:\/\/baltilogistika.com\/paslaugos\/ocean-freight\/"},"modified":"2025-01-09T13:26:29","modified_gmt":"2025-01-09T11:26:29","slug":"kroviniu-gabenimas-juru-transportu","status":"publish","type":"page","link":"https:\/\/www.baltilogistika.com\/lt\/paslaugos\/kroviniu-gabenimas-juru-transportu\/","title":{"rendered":"Krovini\u0173 gabenimas j\u016br\u0173 transportu"},"content":{"rendered":"<p>Gabenimas j\u016br\u0173 transportu yra geriausias b\u016bdas transportuoti didel\u0117s apimties krovinius, kurie nereikalauja trumpo perve\u017eimo laiko<br \/>\n<strong>Balti Logistika si\u016blo:<\/strong><\/p>\n<ul>\n<li>Vis\u0105 tarptautini\u0173 perve\u017eim\u0173 j\u016br\u0173 transportu paslaug\u0173 spektr\u0105<\/li>\n<li>Dalinai pakraut\u0173 (LCL) ir pilnai pakraut\u0173 (FCL) konteineri\u0173 gabenimo paslaug\u0105<\/li>\n<li>Krovini\u0173 sekim\u0105 per Balti Logistika internetin\u012f puslap\u012f (<a href=\"http:\/\/www.baltilogistika.ee\">www.baltilogistika.com<\/a>)<\/li>\n<\/ul>\n<p><strong>Verta \u017einoti gabenant j\u016bra:<\/strong><\/p>\n<ul>\n<li>Svorio ir t\u016brio santykis gabenant j\u016br\u0173 transportu yra 1 m3 = 1000 kg<\/li>\n<li>Ve\u017e\u0117jo, gabenan\u010dio krovin\u012f j\u016br\u0173 transportu, atsakomyb\u0117 yra iki 2.00 SDR u\u017e bruto kilogram\u0105<\/li>\n<\/ul>\n<p><strong>Susij\u0119 dokumentai:<\/strong><\/p>\n<ul>\n<li>Va\u017etara\u0161tis (B\/L)<\/li>\n<li>Preki\u0173 deklaracija<\/li>\n<li>Siunt\u0117jo i\u0161duota komercin\u0117 s\u0105skaita arba pakavimo lapas<\/li>\n<\/ul>\n<p>&nbsp;<\/p>\n<p>J\u016briniai konteineriai yra keli\u0173 tip\u0173: paprastai yra naudojami 20 ir 40 p\u0117d\u0173 konteineriai, ta\u010diau taip pat yra konteineriai, kurie palaiko temperat\u016br\u0105 (refri\u017eeratoriai), naudojami greitai gendan\u010di\u0173 preki\u0173 transportavimui, ir konteineriai atveriamu vir\u0161umi, kurie naudojami dideli\u0173 matmen\u0173 siuntoms.<\/p>\n<p><strong>Papildoma informacija: konteineri\u0173 br\u0117\u017einiai su matmenimis ir informacija apie pad\u0117kl\u0173 skai\u010di\u0173, kuris gali b\u016bti pakrautas.<\/strong><\/p>\n","protected":false},"excerpt":{"rendered":"Gabenimas j\u016br\u0173 transportu yra geriausias b\u016bdas transportuoti didel\u0117s apimties krovinius, kurie nereikalauja trumpo perve\u017eimo laiko Balti Logistika si\u016blo: Vis\u0105 tarptautini\u0173 perve\u017eim\u0173 j\u016br\u0173 transportu paslaug\u0173 spektr\u0105 Dalinai pakraut\u0173 (LCL) ir pilnai pakraut\u0173 (FCL) konteineri\u0173 gabenimo paslaug\u0105 Krovini\u0173 sekim\u0105 per Balti Logistika internetin\u012f puslap\u012f (www.baltilogistika.com) Verta \u017einoti gabenant j\u016bra: Svorio ir t\u016brio santykis gabenant j\u016br\u0173 transportu yra&#8230; <a class=\"view-article\" href=\"https:\/\/www.baltilogistika.com\/lt\/paslaugos\/kroviniu-gabenimas-juru-transportu\/\">View Article<\/a>","protected":false},"author":1,"featured_media":0,"parent":4243,"menu_order":1,"comment_status":"closed","ping_status":"closed","template":"","meta":{"_exactmetrics_skip_tracking":false,"_exactmetrics_sitenote_active":false,"_exactmetrics_sitenote_note":"","_exactmetrics_sitenote_category":0,"footnotes":""},"class_list":["post-4249","page","type-page","status-publish","hentry"],"_links":{"self":[{"href":"https:\/\/www.baltilogistika.com\/lt\/wp-json\/wp\/v2\/pages\/4249"}],"collection":[{"href":"https:\/\/www.baltilogistika.com\/lt\/wp-json\/wp\/v2\/pages"}],"about":[{"href":"https:\/\/www.baltilogistika.com\/lt\/wp-json\/wp\/v2\/types\/page"}],"author":[{"embeddable":true,"href":"https:\/\/www.baltilogistika.com\/lt\/wp-json\/wp\/v2\/users\/1"}],"replies":[{"embeddable":true,"href":"https:\/\/www.baltilogistika.com\/lt\/wp-json\/wp\/v2\/comments?post=4249"}],"version-history":[{"count":4,"href":"https:\/\/www.baltilogistika.com\/lt\/wp-json\/wp\/v2\/pages\/4249\/revisions"}],"predecessor-version":[{"id":4833,"href":"https:\/\/www.baltilogistika.com\/lt\/wp-json\/wp\/v2\/pages\/4249\/revisions\/4833"}],"up":[{"embeddable":true,"href":"https:\/\/www.baltilogistika.com\/lt\/wp-json\/wp\/v2\/pages\/4243"}],"wp:attachment":[{"href":"https:\/\/www.baltilogistika.com\/lt\/wp-json\/wp\/v2\/media?parent=4249"}],"curies":[{"name":"wp","href":"https:\/\/api.w.org\/{rel}","templated":true}]}}