{"id":4246,"date":"2018-04-16T14:34:02","date_gmt":"2018-04-16T11:34:02","guid":{"rendered":"https:\/\/baltilogistika.com\/paslaugos\/air-freight\/"},"modified":"2025-01-09T13:23:38","modified_gmt":"2025-01-09T11:23:38","slug":"kroviniu-gabenimas-oro-transportu","status":"publish","type":"page","link":"https:\/\/www.baltilogistika.com\/lt\/paslaugos\/kroviniu-gabenimas-oro-transportu\/","title":{"rendered":"Krovini\u0173 gabenimas oro transportu"},"content":{"rendered":"<p>Gabenimas oro transportu yra geriausias b\u016bdas transportuoti prekes, kurioms reikalingas greitas pristatymas ir minimalus sand\u0117lio atsarg\u0173 lygis.<br \/>\n<strong>Balti Logistika si\u016blo:<\/strong><\/p>\n<ul>\n<li>Krovini\u0173 gabenimo paslaugas \u201enuo dur\u0173 iki dur\u0173\u201c daugiau nei 185 \u0161alyse<\/li>\n<li>Tiesiogines (greitas) ir ekonomines krovini\u0173 pristatymo paslaugas<\/li>\n<li>Efektyvias konsolidavimo paslaugas siun\u010diant krovinius i\u0161 JAV ir Kinijos<\/li>\n<li>Krovini\u0173 sekim\u0105 per Balti Logistika internetin\u012f puslap\u012f (<a href=\"http:\/\/www.baltilogistika.com\">www.baltilogistika.com<\/a>)<\/li>\n<\/ul>\n<p><strong>Verta \u017einoti apie gabenim\u0105 oro transportu:<\/strong><\/p>\n<ul>\n<li>Svorio ir t\u016brio santykis gabenant oro transportu yra 1 m3 = 166.66 kg<\/li>\n<li>ve\u017e\u0117jo, gabenan\u010dio krovin\u012f oro transportu, atsakomyb\u0117 yra iki 26 SDR u\u017e bruto kilogram\u0105<\/li>\n<\/ul>\n<p><strong>Susij\u0119 dokumentai: <\/strong><\/p>\n<ul>\n<li>Oro transporto va\u017etara\u0161tis (AWB)<\/li>\n<li>Preki\u0173 deklaracija<\/li>\n<li>Siunt\u0117jo i\u0161duota komercin\u0117 s\u0105skaita arba pakavimo lapas<\/li>\n<\/ul>\n<p>&nbsp;<\/p>\n<p>Nor\u0117dami gauti daugiau informacijos, susisiekite su mumis arba si\u0173skite u\u017eklaus\u0105.<\/p>\n","protected":false},"excerpt":{"rendered":"Gabenimas oro transportu yra geriausias b\u016bdas transportuoti prekes, kurioms reikalingas greitas pristatymas ir minimalus sand\u0117lio atsarg\u0173 lygis. Balti Logistika si\u016blo: Krovini\u0173 gabenimo paslaugas \u201enuo dur\u0173 iki dur\u0173\u201c daugiau nei 185 \u0161alyse Tiesiogines (greitas) ir ekonomines krovini\u0173 pristatymo paslaugas Efektyvias konsolidavimo paslaugas siun\u010diant krovinius i\u0161 JAV ir Kinijos Krovini\u0173 sekim\u0105 per Balti Logistika internetin\u012f puslap\u012f (www.baltilogistika.com)&#8230; <a class=\"view-article\" href=\"https:\/\/www.baltilogistika.com\/lt\/paslaugos\/kroviniu-gabenimas-oro-transportu\/\">View Article<\/a>","protected":false},"author":1,"featured_media":0,"parent":4243,"menu_order":0,"comment_status":"closed","ping_status":"closed","template":"","meta":{"_exactmetrics_skip_tracking":false,"_exactmetrics_sitenote_active":false,"_exactmetrics_sitenote_note":"","_exactmetrics_sitenote_category":0,"footnotes":""},"class_list":["post-4246","page","type-page","status-publish","hentry"],"_links":{"self":[{"href":"https:\/\/www.baltilogistika.com\/lt\/wp-json\/wp\/v2\/pages\/4246"}],"collection":[{"href":"https:\/\/www.baltilogistika.com\/lt\/wp-json\/wp\/v2\/pages"}],"about":[{"href":"https:\/\/www.baltilogistika.com\/lt\/wp-json\/wp\/v2\/types\/page"}],"author":[{"embeddable":true,"href":"https:\/\/www.baltilogistika.com\/lt\/wp-json\/wp\/v2\/users\/1"}],"replies":[{"embeddable":true,"href":"https:\/\/www.baltilogistika.com\/lt\/wp-json\/wp\/v2\/comments?post=4246"}],"version-history":[{"count":4,"href":"https:\/\/www.baltilogistika.com\/lt\/wp-json\/wp\/v2\/pages\/4246\/revisions"}],"predecessor-version":[{"id":4829,"href":"https:\/\/www.baltilogistika.com\/lt\/wp-json\/wp\/v2\/pages\/4246\/revisions\/4829"}],"up":[{"embeddable":true,"href":"https:\/\/www.baltilogistika.com\/lt\/wp-json\/wp\/v2\/pages\/4243"}],"wp:attachment":[{"href":"https:\/\/www.baltilogistika.com\/lt\/wp-json\/wp\/v2\/media?parent=4246"}],"curies":[{"name":"wp","href":"https:\/\/api.w.org\/{rel}","templated":true}]}}