{"id":4112,"date":"2018-04-16T14:38:20","date_gmt":"2018-04-16T11:38:20","guid":{"rendered":"https:\/\/baltilogistika.com\/teenused\/distribution-warehousing\/"},"modified":"2024-03-22T14:01:07","modified_gmt":"2024-03-22T12:01:07","slug":"ladustamine-ja-jaotus","status":"publish","type":"page","link":"https:\/\/www.baltilogistika.com\/et\/teenused\/ladustamine-ja-jaotus\/","title":{"rendered":"Ladustamine ja jaotus"},"content":{"rendered":"<p><img class=\"lazy-load\" class=\"svg alignnone wp-image-586 lazy-load\" data-src=\"https:\/\/baltilogistika.com\/wp-content\/uploads\/2018\/05\/Shape-1.svg\" alt=\"\" width=\"65\" height=\"52\" \/><\/p>\n<h2>Kohaletoimetamine<\/h2>\n<p>Kohaletoimetamine t\u00e4hendab kaupade transporti laost kliendini.<\/p>\n<p>Kohaletoimetamisteenus v\u00f5ib h\u00f5lmata mitmesuguseid erinevaid teenuseid alates \u00fcksiksaadetise kohaletoimetamisest kuni k\u00f5ikide saadetiste s\u00fcstemaatilise kohaletoimetamislahenduseni.<\/p>\n<p>Nii ladustamis- kui ka kohaletoimetamisteenuse puhul on oluline, et k\u00f5ikide kaupade asukoht oleks igal ajahetkel t\u00e4pselt teada.<\/p>\n<p>&nbsp;<\/p>\n<p><a href=\"https:\/\/baltilogistika.com\/wp-content\/uploads\/2018\/06\/warehousing_red.svg\"><img class=\"lazy-load\" class=\"svg alignnone wp-image-775 lazy-load\" data-src=\"https:\/\/baltilogistika.com\/wp-content\/uploads\/2018\/06\/warehousing_red.svg\" alt=\"\" width=\"63\" height=\"51\" \/><\/a><\/p>\n<h2>Ladustamine<\/h2>\n<p>Ladustamine on kaupade s\u00e4ilitamine, hoidmine ja k\u00e4sitsemine laos. Tolliladu on vastava j\u00e4relevalve tolliasutuse loa alusel toimiv ladu, milles s\u00e4ilitatakse piirkonda imporditud kaupa, mille tollimaksud ja muude maksud on tasumise ootel.<\/p>\n<p><b>Balti Logistika pakub:<\/b><\/p>\n<ul>\n<li>kaasaegset logistikakeskust;<\/li>\n<li>tollilao ja aktsiisilao ala;<\/li>\n<li>koolitatud t\u00f6\u00f6tajaid;<\/li>\n<li>veebip\u00f5hist \u00fclevaadet varudest;<\/li>\n<li>temperatuuri ja niiskuse j\u00e4lgimist \u00f6\u00f6p\u00e4ev ringi;<\/li>\n<li>mitmesuguseid lisav\u00e4\u00e4rtust loovaid teenuseid (nt komplekteerimine, m\u00e4rgistamine, \u00fcmberpakkimine);<\/li>\n<li>turvakaameraid k\u00f5ikides strateegilistes kohtades.<\/li>\n<\/ul>\n<p>&nbsp;<\/p>\n<p>Lisateabe saamiseks v\u00f5tke meiega\u00a0 \u00fchendust <span class=\"ui-provider a b c d e f g h i j k l m n o p q r s t u v w x y z ab ac ae af ag ah ai aj ak\" dir=\"ltr\"><a title=\"tel:+372 605 6161\" target=\"_blank\" rel=\"noreferrer noopener\">+372 605 6161<\/a><\/span> v\u00f5i saatke meile p\u00e4ring <a href=\"mailto:Pricing@baltilogistika.com\"><strong>Pricing@baltilogistika.com<\/strong><\/a><\/p>\n","protected":false},"excerpt":{"rendered":"Kohaletoimetamine Kohaletoimetamine t\u00e4hendab kaupade transporti laost kliendini. Kohaletoimetamisteenus v\u00f5ib h\u00f5lmata mitmesuguseid erinevaid teenuseid alates \u00fcksiksaadetise kohaletoimetamisest kuni k\u00f5ikide saadetiste s\u00fcstemaatilise kohaletoimetamislahenduseni. Nii ladustamis- kui ka kohaletoimetamisteenuse puhul on oluline, et k\u00f5ikide kaupade asukoht oleks igal ajahetkel t\u00e4pselt teada. &nbsp; Ladustamine Ladustamine on kaupade s\u00e4ilitamine, hoidmine ja k\u00e4sitsemine laos. Tolliladu on vastava j\u00e4relevalve tolliasutuse loa alusel&#8230; <a class=\"view-article\" href=\"https:\/\/www.baltilogistika.com\/et\/teenused\/ladustamine-ja-jaotus\/\">View Article<\/a>","protected":false},"author":1,"featured_media":0,"parent":4089,"menu_order":7,"comment_status":"closed","ping_status":"closed","template":"","meta":{"_exactmetrics_skip_tracking":false,"_exactmetrics_sitenote_active":false,"_exactmetrics_sitenote_note":"","_exactmetrics_sitenote_category":0,"footnotes":""},"class_list":["post-4112","page","type-page","status-publish","hentry"],"_links":{"self":[{"href":"https:\/\/www.baltilogistika.com\/et\/wp-json\/wp\/v2\/pages\/4112"}],"collection":[{"href":"https:\/\/www.baltilogistika.com\/et\/wp-json\/wp\/v2\/pages"}],"about":[{"href":"https:\/\/www.baltilogistika.com\/et\/wp-json\/wp\/v2\/types\/page"}],"author":[{"embeddable":true,"href":"https:\/\/www.baltilogistika.com\/et\/wp-json\/wp\/v2\/users\/1"}],"replies":[{"embeddable":true,"href":"https:\/\/www.baltilogistika.com\/et\/wp-json\/wp\/v2\/comments?post=4112"}],"version-history":[{"count":3,"href":"https:\/\/www.baltilogistika.com\/et\/wp-json\/wp\/v2\/pages\/4112\/revisions"}],"predecessor-version":[{"id":4711,"href":"https:\/\/www.baltilogistika.com\/et\/wp-json\/wp\/v2\/pages\/4112\/revisions\/4711"}],"up":[{"embeddable":true,"href":"https:\/\/www.baltilogistika.com\/et\/wp-json\/wp\/v2\/pages\/4089"}],"wp:attachment":[{"href":"https:\/\/www.baltilogistika.com\/et\/wp-json\/wp\/v2\/media?parent=4112"}],"curies":[{"name":"wp","href":"https:\/\/api.w.org\/{rel}","templated":true}]}}