{"id":4109,"date":"2018-04-16T14:37:26","date_gmt":"2018-04-16T11:37:26","guid":{"rendered":"https:\/\/baltilogistika.com\/teenused\/vmi-services\/"},"modified":"2024-03-22T13:59:44","modified_gmt":"2024-03-22T11:59:44","slug":"vmi-teenus","status":"publish","type":"page","link":"https:\/\/www.baltilogistika.com\/et\/teenused\/vmi-teenus\/","title":{"rendered":"VMI teenus"},"content":{"rendered":"<p>Oleme oma logistikakeskuses pakkunud klientidele tarnija hallatava laovaru teenust ehk VMI-teenust (<i>Vendor Managed Inventory<\/i>) juba alates 2007. aastast.<\/p>\n<p><b>Mis on VMI?<\/b><\/p>\n<p>V\u00f5imalus optimeerida tarneahelat, kus tarnija vastutab, et kliendil oleks piisav varude tase. Tarnijal on ligip\u00e4\u00e4s kliendi varude infole ning ta vastutab m\u00fc\u00fcgitellimuste eest.<\/p>\n<p><b>Mis on tarnija laovaru?<\/b><\/p>\n<p>Tarnija omab laovaru kliendi juures, kuid s\u00e4ilitab kaubavaru omandi\u00f5iguse. Makse tehakse alles siis, kui kaup reaalselt maha m\u00fc\u00fcakse. Tarnija hallatava tarneahela puhul v\u00f5ib kaubavaru kuuluda tarnijale, kuid ei pruugi.<\/p>\n<p><b>Mis on teenuse peamised eelised?<\/b><\/p>\n<p>VMI-teenusel on palju eeliseid nii tarnijale kui ka kliendile.<\/p>\n<p>Toome v\u00e4lja m\u00f5ned n\u00e4ited:<\/p>\n<p><b>Kasud m\u00f5lemale osapoolele<\/b><\/p>\n<ul>\n<li>Tarnija ja kliendi vahel luuakse t\u00f5eline partnerlussuhe. Nad teevad tihedamat koost\u00f6\u00f6d ning tugevdavad oma suhteid.<\/li>\n<li>V\u00e4henevad arvutitevahelisest teabevahetusest tulenevad andmesisestusvead. Paraneb ka andmet\u00f6\u00f6tluse kiirus.<\/li>\n<li>Kui tarnija asub kliendist kaugel, annab see v\u00f5imaluse optimeerida \u00fcldiseid transpordikulusid tarneahelas. Kaupa saab saata korraga suuremas koguses ning minna lennutranspordilt \u00fcle soodsamatele transpordiliikidele.<\/li>\n<li>V\u00e4hendab olukordi, kus soovitud toodet laos ei ole.<\/li>\n<\/ul>\n<p><b>Kasud kliendile<\/b><\/p>\n<ul>\n<li>Koos vastutuse \u00fcleandmisega tarnijale v\u00e4henevad planeerimis- ja tellimiskulud.<\/li>\n<li>Paraneb \u00fcle\u00fcldine teenusetase, kuna vajalikud tooted on \u00f5igel ajal \u00f5iges kohas.<\/li>\n<li>Tarnija saab senisest rohkem keskenduda suurep\u00e4rase teenuse pakkumisele.<\/li>\n<\/ul>\n<p><b>Kasud tarnijale<\/b><\/p>\n<ul>\n<li>V\u00e4henevad vead kliendi tellimustes, mis oleks eelnevalt t\u00f5en\u00e4oliselt viinud kauba tagastuseni.<\/li>\n<li>\u00dclevaade laovarudest aitab tuvastada esmat\u00e4htsaid \u00fclesandeid (varude t\u00e4iendamise vajalikkus v\u00f5i t\u00e4ielik defitsiit). VMI-teenuseta puudub tarnijal juurdep\u00e4\u00e4s tellitud toodetega seotud teabele ja kogustele. VMI-teenus v\u00f5imaldab tarnijal tuvastada vajadus konkreetse toote j\u00e4rele juba enne selle tellimist. Erikokkuleppeid (erihindu) on tunduvalt lihtsam rakendada.<\/li>\n<\/ul>\n<p>&nbsp;<\/p>\n<p>Lisateabe saamiseks\u00a0saatke meile p\u00e4ring\u00a0 <a href=\"mailto:Pricing@baltilogistika.com\"><strong>vmi@baltilogistika.com<\/strong><\/a><\/p>\n","protected":false},"excerpt":{"rendered":"Oleme oma logistikakeskuses pakkunud klientidele tarnija hallatava laovaru teenust ehk VMI-teenust (Vendor Managed Inventory) juba alates 2007. aastast. Mis on VMI? V\u00f5imalus optimeerida tarneahelat, kus tarnija vastutab, et kliendil oleks piisav varude tase. Tarnijal on ligip\u00e4\u00e4s kliendi varude infole ning ta vastutab m\u00fc\u00fcgitellimuste eest. Mis on tarnija laovaru? Tarnija omab laovaru kliendi juures, kuid s\u00e4ilitab&#8230; <a class=\"view-article\" href=\"https:\/\/www.baltilogistika.com\/et\/teenused\/vmi-teenus\/\">View Article<\/a>","protected":false},"author":1,"featured_media":0,"parent":4089,"menu_order":6,"comment_status":"closed","ping_status":"closed","template":"","meta":{"_exactmetrics_skip_tracking":false,"_exactmetrics_sitenote_active":false,"_exactmetrics_sitenote_note":"","_exactmetrics_sitenote_category":0,"footnotes":""},"class_list":["post-4109","page","type-page","status-publish","hentry"],"_links":{"self":[{"href":"https:\/\/www.baltilogistika.com\/et\/wp-json\/wp\/v2\/pages\/4109"}],"collection":[{"href":"https:\/\/www.baltilogistika.com\/et\/wp-json\/wp\/v2\/pages"}],"about":[{"href":"https:\/\/www.baltilogistika.com\/et\/wp-json\/wp\/v2\/types\/page"}],"author":[{"embeddable":true,"href":"https:\/\/www.baltilogistika.com\/et\/wp-json\/wp\/v2\/users\/1"}],"replies":[{"embeddable":true,"href":"https:\/\/www.baltilogistika.com\/et\/wp-json\/wp\/v2\/comments?post=4109"}],"version-history":[{"count":3,"href":"https:\/\/www.baltilogistika.com\/et\/wp-json\/wp\/v2\/pages\/4109\/revisions"}],"predecessor-version":[{"id":4710,"href":"https:\/\/www.baltilogistika.com\/et\/wp-json\/wp\/v2\/pages\/4109\/revisions\/4710"}],"up":[{"embeddable":true,"href":"https:\/\/www.baltilogistika.com\/et\/wp-json\/wp\/v2\/pages\/4089"}],"wp:attachment":[{"href":"https:\/\/www.baltilogistika.com\/et\/wp-json\/wp\/v2\/media?parent=4109"}],"curies":[{"name":"wp","href":"https:\/\/api.w.org\/{rel}","templated":true}]}}