{"id":4100,"date":"2018-04-16T14:34:37","date_gmt":"2018-04-16T11:34:37","guid":{"rendered":"https:\/\/baltilogistika.com\/teenused\/rail-transport\/"},"modified":"2024-03-22T13:44:20","modified_gmt":"2024-03-22T11:44:20","slug":"raudteetransport","status":"publish","type":"page","link":"https:\/\/www.baltilogistika.com\/et\/teenused\/raudteetransport\/","title":{"rendered":"Raudteetransport"},"content":{"rendered":"<p>Raudteetransport on ajalooliselt olnud Balti riikide ja Aasia vahelise tarneahela oluline osa.<\/p>\n<p><b>Balti Logistika pakub:<\/b><\/p>\n<ul>\n<li>raudteetranspordi teenust k\u00f5ikidest Balti riikide p\u00f5hisadamatest: Tallinn, Riia ja Klaipeda;<\/li>\n<li>20\u2032 DC ja 40\u2032 DC konteinerite vedu Aasiasse ;<\/li>\n<li>soovi korral uksest ukseni vedusid.<\/li>\n<\/ul>\n<p>Lisateabe saamiseks v\u00f5tke meiega\u00a0 \u00fchendust <span class=\"ui-provider a b c d e f g h i j k l m n o p q r s t u v w x y z ab ac ae af ag ah ai aj ak\" dir=\"ltr\"><a title=\"tel:+372 605 6161\" target=\"_blank\" rel=\"noreferrer noopener\">+372 605 6161<\/a><\/span> v\u00f5i saatke meile p\u00e4ring <a href=\"mailto:Pricing@baltilogistika.com\"><strong>Pricing@baltilogistika.com<\/strong><\/a><\/p>\n","protected":false},"excerpt":{"rendered":"Raudteetransport on ajalooliselt olnud Balti riikide ja Aasia vahelise tarneahela oluline osa. Balti Logistika pakub: raudteetranspordi teenust k\u00f5ikidest Balti riikide p\u00f5hisadamatest: Tallinn, Riia ja Klaipeda; 20\u2032 DC ja 40\u2032 DC konteinerite vedu Aasiasse ; soovi korral uksest ukseni vedusid. Lisateabe saamiseks v\u00f5tke meiega\u00a0 \u00fchendust +372 605 6161 v\u00f5i saatke meile p\u00e4ring Pricing@baltilogistika.com","protected":false},"author":1,"featured_media":0,"parent":4089,"menu_order":2,"comment_status":"closed","ping_status":"closed","template":"","meta":{"_exactmetrics_skip_tracking":false,"_exactmetrics_sitenote_active":false,"_exactmetrics_sitenote_note":"","_exactmetrics_sitenote_category":0,"footnotes":""},"class_list":["post-4100","page","type-page","status-publish","hentry"],"_links":{"self":[{"href":"https:\/\/www.baltilogistika.com\/et\/wp-json\/wp\/v2\/pages\/4100"}],"collection":[{"href":"https:\/\/www.baltilogistika.com\/et\/wp-json\/wp\/v2\/pages"}],"about":[{"href":"https:\/\/www.baltilogistika.com\/et\/wp-json\/wp\/v2\/types\/page"}],"author":[{"embeddable":true,"href":"https:\/\/www.baltilogistika.com\/et\/wp-json\/wp\/v2\/users\/1"}],"replies":[{"embeddable":true,"href":"https:\/\/www.baltilogistika.com\/et\/wp-json\/wp\/v2\/comments?post=4100"}],"version-history":[{"count":5,"href":"https:\/\/www.baltilogistika.com\/et\/wp-json\/wp\/v2\/pages\/4100\/revisions"}],"predecessor-version":[{"id":4700,"href":"https:\/\/www.baltilogistika.com\/et\/wp-json\/wp\/v2\/pages\/4100\/revisions\/4700"}],"up":[{"embeddable":true,"href":"https:\/\/www.baltilogistika.com\/et\/wp-json\/wp\/v2\/pages\/4089"}],"wp:attachment":[{"href":"https:\/\/www.baltilogistika.com\/et\/wp-json\/wp\/v2\/media?parent=4100"}],"curies":[{"name":"wp","href":"https:\/\/api.w.org\/{rel}","templated":true}]}}