{"id":4097,"date":"2018-04-16T14:34:58","date_gmt":"2018-04-16T11:34:58","guid":{"rendered":"https:\/\/baltilogistika.com\/teenused\/ocean-freight\/"},"modified":"2024-03-22T13:39:01","modified_gmt":"2024-03-22T11:39:01","slug":"meretransport","status":"publish","type":"page","link":"https:\/\/www.baltilogistika.com\/et\/teenused\/meretransport\/","title":{"rendered":"Meretransport"},"content":{"rendered":"<p>Meretransport on parim transpordiviis suurtele kaubakogustele, mis ei eelda kiiret veoaega<\/p>\n<p><b>Balti Logistika pakub:<\/b><\/p>\n<ul>\n<li>laia valikut \u00fclemaailmseid meretransporditeenuseid;<\/li>\n<li>osa- (LCL) ja t\u00e4iskonteineri (FCL) teenuseid;<\/li>\n<li>saadetise teekonna j\u00e4lgimist l\u00e4bi Balti Logistika veebilehe (<a href=\"http:\/\/www.baltilogistika.ee\/\">www.baltilogistika.com<\/a>).<\/li>\n<\/ul>\n<p><b>Meretranspordi kohta on kasulik teada j\u00e4rgmist:<\/b><\/p>\n<ul>\n<li>mahu ja kaalu suhe meretranspordis on 1 m3 = 1000 kg;<\/li>\n<li>meretranspordis on vedaja vastutus kuni 2,00 SDR-i brutokaalu kg kohta.<\/li>\n<\/ul>\n<p><b>Seotud dokumendid:<\/b><\/p>\n<ul>\n<li>meretranspordi saateleht (B\/L);<\/li>\n<li>kauba manifest;<\/li>\n<li>saatja v\u00e4ljastatud kaubaarve v\u00f5i pakkeleht.<\/li>\n<\/ul>\n<p>&nbsp;<\/p>\n<p>Meretranspordi konteinereid on mitmesugust t\u00fc\u00fcpi: tavaliselt kasutatakse 20\u2019 ja 40\u2019 konteinereid, kuid olemas on ka temperatuuri hoidvad k\u00fclmutuskonteinerid kergriknevate kaupade veoks ja pealt lahtised konteinerid suurem\u00f5\u00f5tmeliste saadetiste jaoks.<\/p>\n<p>&nbsp;<\/p>\n<p>Lisateabe saamiseks v\u00f5tke meiega\u00a0 \u00fchendust <span class=\"ui-provider a b c d e f g h i j k l m n o p q r s t u v w x y z ab ac ae af ag ah ai aj ak\" dir=\"ltr\"><a title=\"tel:+372 605 6161\" target=\"_blank\" rel=\"noreferrer noopener\">+372 605 6161<\/a><\/span> v\u00f5i saatke meile p\u00e4ring <a href=\"mailto:Pricing@baltilogistika.com\"><strong>Pricing@baltilogistika.com<\/strong><\/a><\/p>\n","protected":false},"excerpt":{"rendered":"Meretransport on parim transpordiviis suurtele kaubakogustele, mis ei eelda kiiret veoaega Balti Logistika pakub: laia valikut \u00fclemaailmseid meretransporditeenuseid; osa- (LCL) ja t\u00e4iskonteineri (FCL) teenuseid; saadetise teekonna j\u00e4lgimist l\u00e4bi Balti Logistika veebilehe (www.baltilogistika.com). Meretranspordi kohta on kasulik teada j\u00e4rgmist: mahu ja kaalu suhe meretranspordis on 1 m3 = 1000 kg; meretranspordis on vedaja vastutus kuni 2,00&#8230; <a class=\"view-article\" href=\"https:\/\/www.baltilogistika.com\/et\/teenused\/meretransport\/\">View Article<\/a>","protected":false},"author":1,"featured_media":0,"parent":4089,"menu_order":1,"comment_status":"closed","ping_status":"closed","template":"","meta":{"_exactmetrics_skip_tracking":false,"_exactmetrics_sitenote_active":false,"_exactmetrics_sitenote_note":"","_exactmetrics_sitenote_category":0,"footnotes":""},"class_list":["post-4097","page","type-page","status-publish","hentry"],"_links":{"self":[{"href":"https:\/\/www.baltilogistika.com\/et\/wp-json\/wp\/v2\/pages\/4097"}],"collection":[{"href":"https:\/\/www.baltilogistika.com\/et\/wp-json\/wp\/v2\/pages"}],"about":[{"href":"https:\/\/www.baltilogistika.com\/et\/wp-json\/wp\/v2\/types\/page"}],"author":[{"embeddable":true,"href":"https:\/\/www.baltilogistika.com\/et\/wp-json\/wp\/v2\/users\/1"}],"replies":[{"embeddable":true,"href":"https:\/\/www.baltilogistika.com\/et\/wp-json\/wp\/v2\/comments?post=4097"}],"version-history":[{"count":2,"href":"https:\/\/www.baltilogistika.com\/et\/wp-json\/wp\/v2\/pages\/4097\/revisions"}],"predecessor-version":[{"id":4696,"href":"https:\/\/www.baltilogistika.com\/et\/wp-json\/wp\/v2\/pages\/4097\/revisions\/4696"}],"up":[{"embeddable":true,"href":"https:\/\/www.baltilogistika.com\/et\/wp-json\/wp\/v2\/pages\/4089"}],"wp:attachment":[{"href":"https:\/\/www.baltilogistika.com\/et\/wp-json\/wp\/v2\/media?parent=4097"}],"curies":[{"name":"wp","href":"https:\/\/api.w.org\/{rel}","templated":true}]}}